{"id":3261,"date":"2013-05-31T08:44:43","date_gmt":"2013-05-31T08:44:43","guid":{"rendered":"http:\/\/www.salvador-ingelse.nl\/sample-page-2-2\/"},"modified":"2026-01-13T14:41:52","modified_gmt":"2026-01-13T13:41:52","slug":"sample-page-2","status":"publish","type":"page","link":"https:\/\/www.salvador-ingelse.nl\/de\/","title":{"rendered":"Home"},"content":{"rendered":"<section class=\"l-section wpb_row height_auto\"><div class=\"l-section-h i-cf\"><div class=\"g-cols vc_row via_grid cols_1 laptops-cols_inherit tablets-cols_inherit mobiles-cols_1 valign_top type_default stacking_default\"><div class=\"wpb_column vc_column_container\"><div class=\"vc_column-inner\"><div class=\"w-separator size_medium\"><\/div><div class=\"wpb_text_column us_custom_f97ddaa7\"><div class=\"wpb_wrapper\"><p><span style=\"color: #800000;\">Salvador-Ingelse Anwaltskanzlei<\/span>\u00a0<em>ist<\/em> Dr. Chris Ingelse, Rechtsanwalt, zugelassen bei der <a href=\"https:\/\/www.advocatenorde.nl\/english\">Niederl\u00e4ndischen Rechtsanwaltskammer (Nederlandse Orde van Advocaten, NOVA)<\/a>*. Die Kanzlei und ihr Name sind aus der Zusammenarbeit von Sandra Salvador und Chris Ingelse entstanden. Sandra Salvador ber\u00e4t die Kanzlei weiterhin als <em>Of Counsel.<\/em><\/p>\n<p><span style=\"color: #800000;\">Chris Ingelse hat eine allgemeine Praxis<\/span>. Im Rechtsgebietsregister der niederl\u00e4ndischen Rechtsanwaltskammer ist er in den Bereichen Allgemeine Praxis (einschlie\u00dflich Zivilrecht) und Strafrechts (einschlie\u00dflich Jugendstrafrecht) eingetragen. Chris Ingelse ist Mitglied der <a href=\"http:\/\/vpan.nu\/\">niederl\u00e4ndischen Anwaltsvereinigung f\u00fcr Psychiatriepatienten (Vereniging Psychiatrisch Pati\u00ebntenrecht Advocaten Nederland, vPAN)<\/a>*.<\/p>\n<p><span style=\"color: #800000;\">In einem unverbindlichen Gespr\u00e4ch<\/span>\u00a0erhalten Sie eine Einsch\u00e4tzung Ihrer Rechtsposition und eine Kosteneinsch\u00e4tzung. Salvador-Ingelse kann auf der Grundlage von <a href=\"http:\/\/www.rechtsbijstand.nl\/\">finanzierter Prozesskostenhilfe (&#8218;pro deo&#8216;)<\/a>* arbeiten.<\/p>\n<p><span style=\"color: #800000;\">Bitte lesen Sie <\/span>unten das Kleingedruckte.<\/p>\n<\/div><\/div><div class=\"w-separator size_custom\" style=\"height:40px\"><\/div><div class=\"w-separator us_custom_0c9f7d7d size_custom with_line width_default thick_1 style_solid color_text align_center\" style=\"height:10px\"><div class=\"w-separator-h\"><\/div><\/div><div class=\"w-separator size_custom\" style=\"height:12px\"><\/div><div class=\"wpb_text_column us_custom_15464438\"><div class=\"wpb_wrapper\"><p>F\u00fcr alle T\u00e4tigkeiten des Anwalts gelten die <a href=\"https:\/\/www.salvador-ingelse.nl\/en\/conditions\/\">Allgemeinen Gesch\u00e4ftsbedingungen<\/a>*.<\/p>\n<\/div><\/div><div class=\"w-separator size_custom\" style=\"height:12px\"><\/div><div class=\"wpb_text_column us_custom_15464438\"><div class=\"wpb_wrapper\"><p>Gem\u00e4\u00df der gesetzlichen Verpflichtung ist der Rechtsanwalt selbst\u00e4ndig gegen Berufshaftpflicht versichert. Die Haftung des Rechtsanwalts ist jederzeit auf den Betrag begrenzt, der von der Haftpflichtversicherung in dem betreffenden Fall ausgezahlt wird, einschlie\u00dflich der Selbstbeteiligung.<\/p>\n<\/div><\/div><div class=\"w-separator size_custom\" style=\"height:12px\"><\/div><div class=\"wpb_text_column us_custom_15464438\"><div class=\"wpb_wrapper\"><p>Aufgrund der Eintragung in das Register der juristischen Zust\u00e4ndigkeiten der niederl\u00e4ndischen Rechtsanwaltskammer ist der Rechtsanwalt verpflichtet, jedes Kalenderjahr zehn Fortbildungspunkte in jedem eingetragenen Hauptrechtsgebiet gem\u00e4\u00df den Normen der niederl\u00e4ndischen Rechtsanwaltskammer zu erwerben.<\/p>\n<\/div><\/div><div class=\"w-separator size_custom\" style=\"height:12px\"><\/div><div class=\"wpb_text_column us_custom_15464438\"><div class=\"wpb_wrapper\"><p>Der Rechtsanwalt verf\u00fcgt \u00fcber ein <a href=\"https:\/\/www.salvador-ingelse.nl\/complaints-procedure\/?lang=en\">Beschwerdeverfahren<\/a>* und eine <a href=\"https:\/\/www.salvador-ingelse.nl\/privacy\/?lang=en\">Datenschutzregelung<\/a>*.<\/p>\n<\/div><\/div><div class=\"w-separator size_custom\" style=\"height:12px\"><\/div><div class=\"wpb_text_column us_custom_15464438\"><div class=\"wpb_wrapper\"><p>Sollte der Rechtsanwalt im Notfall nicht in der Lage sein, seine Aufgaben zu erf\u00fcllen, werden alle anh\u00e4ngigen F\u00e4lle von Herrn Wilbert de Vilder, Rechtsanwalt bei <a href=\"https:\/\/www.keulersadvocaten.nl\/\">Keulers &amp; partners advocaten<\/a>*, Maastrichterlaan 9 in (6191 AA) Beek, Niederlande, \u00fcbernommen.<\/p>\n<\/div><\/div><div class=\"w-separator size_custom\" style=\"height:30px\"><\/div><div class=\"w-separator us_custom_0c9f7d7d size_custom with_line width_default thick_1 style_solid color_text align_center\" style=\"height:10px\"><div class=\"w-separator-h\"><\/div><\/div><div class=\"w-separator size_custom\" style=\"height:12px\"><\/div><div class=\"wpb_text_column us_custom_15464438\"><div class=\"wpb_wrapper\"><p><strong>*<\/strong> Ein Klick hier \u00f6ffnet das Dokument.<\/p>\n<\/div><\/div><\/div><\/div><\/div><\/div><\/section>\n","protected":false},"excerpt":{"rendered":"Salvador-Ingelse Anwaltskanzlei\u00a0ist Dr. Chris Ingelse, Rechtsanwalt, zugelassen bei der Niederl\u00e4ndischen Rechtsanwaltskammer (Nederlandse Orde van Advocaten, NOVA)*. Die Kanzlei und ihr Name sind aus der Zusammenarbeit von Sandra Salvador und Chris Ingelse entstanden. Sandra Salvador ber\u00e4t die Kanzlei weiterhin als Of Counsel. Chris Ingelse hat eine allgemeine Praxis. Im Rechtsgebietsregister der niederl\u00e4ndischen Rechtsanwaltskammer ist er in...","protected":false},"author":1,"featured_media":0,"parent":0,"menu_order":0,"comment_status":"closed","ping_status":"closed","template":"","meta":{"footnotes":""},"class_list":["post-3261","page","type-page","status-publish","hentry"],"yoast_head":"<!-- This site is optimized with the Yoast SEO plugin v26.7 - https:\/\/yoast.com\/wordpress\/plugins\/seo\/ -->\n<title>Home - Salvador Ingelse Advocaten Rechtsanwalt<\/title>\n<meta name=\"description\" content=\"Advocaten Maastricht Salvador Ingelse Rechtsanwalt\" \/>\n<meta name=\"robots\" content=\"index, follow, max-snippet:-1, max-image-preview:large, max-video-preview:-1\" \/>\n<link rel=\"canonical\" href=\"https:\/\/www.salvador-ingelse.nl\/de\/\" \/>\n<meta property=\"og:locale\" content=\"de_DE\" \/>\n<meta property=\"og:type\" content=\"article\" \/>\n<meta property=\"og:title\" content=\"Home - Salvador Ingelse Advocaten Rechtsanwalt\" \/>\n<meta property=\"og:description\" content=\"Advocaten Maastricht Salvador Ingelse Rechtsanwalt\" \/>\n<meta property=\"og:url\" content=\"https:\/\/www.salvador-ingelse.nl\/de\/\" \/>\n<meta property=\"og:site_name\" content=\"Salvador Ingelse Advocaten\" \/>\n<meta property=\"article:modified_time\" content=\"2026-01-13T13:41:52+00:00\" \/>\n<meta name=\"twitter:label1\" content=\"Gesch\u00e4tzte Lesezeit\" \/>\n\t<meta name=\"twitter:data1\" content=\"2\u00a0Minuten\" \/>\n<script type=\"application\/ld+json\" class=\"yoast-schema-graph\">{\"@context\":\"https:\/\/schema.org\",\"@graph\":[{\"@type\":\"WebPage\",\"@id\":\"https:\/\/www.salvador-ingelse.nl\/de\/\",\"url\":\"https:\/\/www.salvador-ingelse.nl\/de\/\",\"name\":\"Home - Salvador Ingelse Advocaten Rechtsanwalt\",\"isPartOf\":{\"@id\":\"https:\/\/www.salvador-ingelse.nl\/de\/#website\"},\"datePublished\":\"2013-05-31T08:44:43+00:00\",\"dateModified\":\"2026-01-13T13:41:52+00:00\",\"description\":\"Advocaten Maastricht Salvador Ingelse Rechtsanwalt\",\"breadcrumb\":{\"@id\":\"https:\/\/www.salvador-ingelse.nl\/de\/#breadcrumb\"},\"inLanguage\":\"de\",\"potentialAction\":[{\"@type\":\"ReadAction\",\"target\":[\"https:\/\/www.salvador-ingelse.nl\/de\/\"]}]},{\"@type\":\"BreadcrumbList\",\"@id\":\"https:\/\/www.salvador-ingelse.nl\/de\/#breadcrumb\",\"itemListElement\":[{\"@type\":\"ListItem\",\"position\":1,\"name\":\"Start\",\"item\":\"https:\/\/www.salvador-ingelse.nl\/de\/\"},{\"@type\":\"ListItem\",\"position\":2,\"name\":\"Home\"}]},{\"@type\":\"WebSite\",\"@id\":\"https:\/\/www.salvador-ingelse.nl\/de\/#website\",\"url\":\"https:\/\/www.salvador-ingelse.nl\/de\/\",\"name\":\"Salvador Ingelse Advocaten\",\"description\":\"\",\"potentialAction\":[{\"@type\":\"SearchAction\",\"target\":{\"@type\":\"EntryPoint\",\"urlTemplate\":\"https:\/\/www.salvador-ingelse.nl\/de\/?s={search_term_string}\"},\"query-input\":{\"@type\":\"PropertyValueSpecification\",\"valueRequired\":true,\"valueName\":\"search_term_string\"}}],\"inLanguage\":\"de\"}]}<\/script>\n<!-- \/ Yoast SEO plugin. -->","yoast_head_json":{"title":"Home - Salvador Ingelse Advocaten Rechtsanwalt","description":"Advocaten Maastricht Salvador Ingelse Rechtsanwalt","robots":{"index":"index","follow":"follow","max-snippet":"max-snippet:-1","max-image-preview":"max-image-preview:large","max-video-preview":"max-video-preview:-1"},"canonical":"https:\/\/www.salvador-ingelse.nl\/de\/","og_locale":"de_DE","og_type":"article","og_title":"Home - Salvador Ingelse Advocaten Rechtsanwalt","og_description":"Advocaten Maastricht Salvador Ingelse Rechtsanwalt","og_url":"https:\/\/www.salvador-ingelse.nl\/de\/","og_site_name":"Salvador Ingelse Advocaten","article_modified_time":"2026-01-13T13:41:52+00:00","twitter_misc":{"Gesch\u00e4tzte Lesezeit":"2\u00a0Minuten"},"schema":{"@context":"https:\/\/schema.org","@graph":[{"@type":"WebPage","@id":"https:\/\/www.salvador-ingelse.nl\/de\/","url":"https:\/\/www.salvador-ingelse.nl\/de\/","name":"Home - Salvador Ingelse Advocaten Rechtsanwalt","isPartOf":{"@id":"https:\/\/www.salvador-ingelse.nl\/de\/#website"},"datePublished":"2013-05-31T08:44:43+00:00","dateModified":"2026-01-13T13:41:52+00:00","description":"Advocaten Maastricht Salvador Ingelse Rechtsanwalt","breadcrumb":{"@id":"https:\/\/www.salvador-ingelse.nl\/de\/#breadcrumb"},"inLanguage":"de","potentialAction":[{"@type":"ReadAction","target":["https:\/\/www.salvador-ingelse.nl\/de\/"]}]},{"@type":"BreadcrumbList","@id":"https:\/\/www.salvador-ingelse.nl\/de\/#breadcrumb","itemListElement":[{"@type":"ListItem","position":1,"name":"Start","item":"https:\/\/www.salvador-ingelse.nl\/de\/"},{"@type":"ListItem","position":2,"name":"Home"}]},{"@type":"WebSite","@id":"https:\/\/www.salvador-ingelse.nl\/de\/#website","url":"https:\/\/www.salvador-ingelse.nl\/de\/","name":"Salvador Ingelse Advocaten","description":"","potentialAction":[{"@type":"SearchAction","target":{"@type":"EntryPoint","urlTemplate":"https:\/\/www.salvador-ingelse.nl\/de\/?s={search_term_string}"},"query-input":{"@type":"PropertyValueSpecification","valueRequired":true,"valueName":"search_term_string"}}],"inLanguage":"de"}]}},"_links":{"self":[{"href":"https:\/\/www.salvador-ingelse.nl\/de\/wp-json\/wp\/v2\/pages\/3261","targetHints":{"allow":["GET"]}}],"collection":[{"href":"https:\/\/www.salvador-ingelse.nl\/de\/wp-json\/wp\/v2\/pages"}],"about":[{"href":"https:\/\/www.salvador-ingelse.nl\/de\/wp-json\/wp\/v2\/types\/page"}],"author":[{"embeddable":true,"href":"https:\/\/www.salvador-ingelse.nl\/de\/wp-json\/wp\/v2\/users\/1"}],"replies":[{"embeddable":true,"href":"https:\/\/www.salvador-ingelse.nl\/de\/wp-json\/wp\/v2\/comments?post=3261"}],"version-history":[{"count":34,"href":"https:\/\/www.salvador-ingelse.nl\/de\/wp-json\/wp\/v2\/pages\/3261\/revisions"}],"predecessor-version":[{"id":5310,"href":"https:\/\/www.salvador-ingelse.nl\/de\/wp-json\/wp\/v2\/pages\/3261\/revisions\/5310"}],"wp:attachment":[{"href":"https:\/\/www.salvador-ingelse.nl\/de\/wp-json\/wp\/v2\/media?parent=3261"}],"curies":[{"name":"wp","href":"https:\/\/api.w.org\/{rel}","templated":true}]}}