{"id":3295,"date":"2014-12-22T10:53:16","date_gmt":"2014-12-22T09:53:16","guid":{"rendered":"http:\/\/www.salvador-ingelse.nl\/over-ons-2-2\/"},"modified":"2023-03-21T16:59:09","modified_gmt":"2023-03-21T15:59:09","slug":"over-ons-2","status":"publish","type":"page","link":"https:\/\/www.salvador-ingelse.nl\/de\/over-ons-2\/","title":{"rendered":"Ihr Rechtsanwalt"},"content":{"rendered":"<section class=\"l-section wpb_row height_small\"><div class=\"l-section-h i-cf\"><div class=\"g-cols vc_row via_grid cols_1 laptops-cols_inherit tablets-cols_inherit mobiles-cols_1 valign_top type_default stacking_default\"><div class=\"wpb_column vc_column_container\"><div class=\"vc_column-inner\">[vc_raw_html]JTNDZGl2JTIwc3R5bGUlM0QlMjJmb250LXNpemUlM0ElMjAxMnB4JTIwJTIxaW1wb3J0YW50JTNCJTIwdGV4dC1hbGlnbiUzQSUyMGNlbnRlciUzQiUyMiUzRSUzQ2ElMjBocmVmJTNEJTIyJTNGbGFuZyUzRG5sJTIyJTNFTkwlM0MlMkZhJTNFJTIwJTdDJTIwJTNDYSUyMGhyZWYlM0QlMjIlMjAlM0ZsYW5nJTNEZW4lMjIlM0UlMjBFTiUyMCUzQyUyRmElM0UlN0MlMjAlM0NhJTIwaHJlZiUzRCUyMiUyMCUzRmxhbmclM0RmciUyMiUzRSUyMEZSJTIwJTNDJTJGYSUzRSUzQ2ElM0UlMjAlN0MlMjAlM0MlMkZhJTNFJTNDYSUyMGhyZWYlM0QlMjIlMjAlM0ZsYW5nJTNEZGUlMjIlM0UlMjBERSUyMCUzQyUyRmElM0UlM0NhJTNFJTdDJTIwJTNDJTJGYSUzRSUzQ2ElMjBocmVmJTNEJTIyJTIwJTNGbGFuZyUzRGVzJTIyJTNFRVNQJUMyJUEwJTNDJTJGYSUzRSUzQyUyRmRpdiUzRQ==[\/vc_raw_html]<\/div><\/div><\/div><\/div><\/section><section class=\"l-section wpb_row height_auto\"><div class=\"l-section-h i-cf\"><div class=\"g-cols vc_row via_grid cols_1-5 laptops-cols_inherit tablets-cols_inherit mobiles-cols_1 valign_top type_default stacking_default\"><div class=\"wpb_column vc_column_container\"><div class=\"vc_column-inner\"><div class=\"wpb_text_column\"><div class=\"wpb_wrapper\"><div class=\"w-image align_none\"><div class=\"w-image-h\"><img decoding=\"async\" width=\"225\" height=\"300\" src=\"https:\/\/www.salvador-ingelse.nl\/wp-content\/uploads\/2013\/05\/RPP4677-225x300.jpg\" class=\"attachment-medium size-medium\" alt=\"\" loading=\"lazy\" srcset=\"https:\/\/www.salvador-ingelse.nl\/wp-content\/uploads\/2013\/05\/RPP4677-225x300.jpg 225w, https:\/\/www.salvador-ingelse.nl\/wp-content\/uploads\/2013\/05\/RPP4677-768x1024.jpg 768w, https:\/\/www.salvador-ingelse.nl\/wp-content\/uploads\/2013\/05\/RPP4677-450x600.jpg 450w, https:\/\/www.salvador-ingelse.nl\/wp-content\/uploads\/2013\/05\/RPP4677-600x800.jpg 600w, https:\/\/www.salvador-ingelse.nl\/wp-content\/uploads\/2013\/05\/RPP4677-150x200.jpg 150w, https:\/\/www.salvador-ingelse.nl\/wp-content\/uploads\/2013\/05\/RPP4677-300x400.jpg 300w\" sizes=\"auto, (max-width: 225px) 100vw, 225px\" \/><\/div><\/div><div class=\"wpb_text_column\"><div class=\"wpb_wrapper\"><\/div><\/div>Chris Ingelse<\/p>\n<\/div><\/div><\/div><\/div><div class=\"wpb_column vc_column_container\"><div class=\"vc_column-inner\"><div class=\"wpb_text_column\"><div class=\"wpb_wrapper\"><p>Dr. Chris Ingelse (1965) fing 1992 als wissenschaftlicher Mitarbeiter an der Universit\u00e4t Maastricht an, wo er 1999 im Fach Menschenrechte promovierte. In 1997 wurde er als Rechtsanwalt vereidigt. Seit 2005 ist er unter eigenem Namen t\u00e4tig und hilft Privatpersonen und Unternehmern in verschiedenen Bereichen (Beratung und Verfahrensf\u00fchrung bei Schadensf\u00e4llen, Vertr\u00e4ge und Allgemeine Gesch\u00e4ftsbedingungen, Arbeitskonflikte). Zu seinen Erfolgen geh\u00f6rt die Erwirkung einer Schadenersatzzahlung f\u00fcr die Benachteiligten in einem internationalen Investment-Betrugsfall. Und obwohl eine schnelle und g\u00fctliche Einigung meistens einem langen und kostenaufw\u00e4ndigen Verfahren vorzuziehen ist, vertritt Dr. Ingelse Sie auch vor Gericht &#8211; wobei ihm Erfahrungen in allen Instanzen vom Amtsgericht bis zum Europ\u00e4ischen Gerichtshof zugute kommen.<\/p>\n<p>Im Gerichtsstandsregister der niederl\u00e4ndischen Anwaltskammer ist Herr Ingelse in den Haupt- (und Unter-)Bereichen der Allgemeine Praxis (einschlie\u00dflich Zivilrecht) und des Strafrechts (einschlie\u00dflich Jugendstrafrecht) eingetragen. Aufgrund dieser Registrierung ist er verpflichtet, zehn Ausbildungspunkte pro Kalenderjahr gem\u00e4\u00df den Standards der niederl\u00e4ndischen Anwaltskammer in jedem registrierten Hauptrechtsbereich zu erhalten.<\/p>\n<p>Die Anwaltskanzlei\u00a0Salvador-Ingelse <em>ist<\/em> Rechtsanwalt Herr Ingelse. Die Kanzlei und der Name sind das Ergebnis der Zusammenarbeit zwischen den Anw\u00e4lten Sandra Salvador und Chris Ingelse. Als Frau Salvador klassische Sprachen w\u00e4hlte, behielt sie ihr Zimmer und ihr B\u00fcro bei, aber sie beendete ihre Praxis. Herr Ingelse setzte die Praxis unter dem gleichen Namen fort.<\/p>\n<p>Salvador Ingelse Advocaten<\/p>\n<\/div><\/div><\/div><\/div><\/div><\/div><\/section>\n","protected":false},"excerpt":{"rendered":"[vc_raw_html]JTNDZGl2JTIwc3R5bGUlM0QlMjJmb250LXNpemUlM0ElMjAxMnB4JTIwJTIxaW1wb3J0YW50JTNCJTIwdGV4dC1hbGlnbiUzQSUyMGNlbnRlciUzQiUyMiUzRSUzQ2ElMjBocmVmJTNEJTIyJTNGbGFuZyUzRG5sJTIyJTNFTkwlM0MlMkZhJTNFJTIwJTdDJTIwJTNDYSUyMGhyZWYlM0QlMjIlMjAlM0ZsYW5nJTNEZW4lMjIlM0UlMjBFTiUyMCUzQyUyRmElM0UlN0MlMjAlM0NhJTIwaHJlZiUzRCUyMiUyMCUzRmxhbmclM0RmciUyMiUzRSUyMEZSJTIwJTNDJTJGYSUzRSUzQ2ElM0UlMjAlN0MlMjAlM0MlMkZhJTNFJTNDYSUyMGhyZWYlM0QlMjIlMjAlM0ZsYW5nJTNEZGUlMjIlM0UlMjBERSUyMCUzQyUyRmElM0UlM0NhJTNFJTdDJTIwJTNDJTJGYSUzRSUzQ2ElMjBocmVmJTNEJTIyJTIwJTNGbGFuZyUzRGVzJTIyJTNFRVNQJUMyJUEwJTNDJTJGYSUzRSUzQyUyRmRpdiUzRQ==[\/vc_raw_html]Chris Ingelse Dr. Chris Ingelse (1965) fing 1992 als wissenschaftlicher Mitarbeiter an der Universit\u00e4t Maastricht an, wo er 1999 im Fach Menschenrechte promovierte. In 1997 wurde er als Rechtsanwalt vereidigt. Seit 2005 ist er unter eigenem Namen t\u00e4tig und hilft Privatpersonen und Unternehmern in verschiedenen Bereichen (Beratung und Verfahrensf\u00fchrung bei Schadensf\u00e4llen, Vertr\u00e4ge und Allgemeine Gesch\u00e4ftsbedingungen,...","protected":false},"author":1,"featured_media":0,"parent":0,"menu_order":0,"comment_status":"closed","ping_status":"closed","template":"","meta":{"footnotes":""},"class_list":["post-3295","page","type-page","status-publish","hentry"],"yoast_head":"<!-- This site is optimized with the Yoast SEO plugin v26.7 - https:\/\/yoast.com\/wordpress\/plugins\/seo\/ -->\n<title>Salvador Ingelse Advocaten<\/title>\n<meta name=\"description\" content=\"Salvador Ingelse Advocaten\" \/>\n<meta name=\"robots\" content=\"index, follow, max-snippet:-1, max-image-preview:large, max-video-preview:-1\" \/>\n<link rel=\"canonical\" href=\"https:\/\/www.salvador-ingelse.nl\/de\/over-ons-2\/\" \/>\n<meta property=\"og:locale\" content=\"de_DE\" \/>\n<meta property=\"og:type\" content=\"article\" \/>\n<meta property=\"og:title\" content=\"Salvador Ingelse Advocaten\" \/>\n<meta property=\"og:description\" content=\"Salvador Ingelse Advocaten\" \/>\n<meta property=\"og:url\" content=\"https:\/\/www.salvador-ingelse.nl\/de\/over-ons-2\/\" \/>\n<meta property=\"og:site_name\" content=\"Salvador Ingelse Advocaten\" \/>\n<meta property=\"article:modified_time\" content=\"2023-03-21T15:59:09+00:00\" \/>\n<meta name=\"twitter:label1\" content=\"Gesch\u00e4tzte Lesezeit\" \/>\n\t<meta name=\"twitter:data1\" content=\"2\u00a0Minuten\" \/>\n<script type=\"application\/ld+json\" class=\"yoast-schema-graph\">{\"@context\":\"https:\/\/schema.org\",\"@graph\":[{\"@type\":\"WebPage\",\"@id\":\"https:\/\/www.salvador-ingelse.nl\/de\/over-ons-2\/\",\"url\":\"https:\/\/www.salvador-ingelse.nl\/de\/over-ons-2\/\",\"name\":\"Salvador Ingelse Advocaten\",\"isPartOf\":{\"@id\":\"https:\/\/www.salvador-ingelse.nl\/de\/#website\"},\"datePublished\":\"2014-12-22T09:53:16+00:00\",\"dateModified\":\"2023-03-21T15:59:09+00:00\",\"description\":\"Salvador Ingelse Advocaten\",\"breadcrumb\":{\"@id\":\"https:\/\/www.salvador-ingelse.nl\/de\/over-ons-2\/#breadcrumb\"},\"inLanguage\":\"de\",\"potentialAction\":[{\"@type\":\"ReadAction\",\"target\":[\"https:\/\/www.salvador-ingelse.nl\/de\/over-ons-2\/\"]}]},{\"@type\":\"BreadcrumbList\",\"@id\":\"https:\/\/www.salvador-ingelse.nl\/de\/over-ons-2\/#breadcrumb\",\"itemListElement\":[{\"@type\":\"ListItem\",\"position\":1,\"name\":\"Start\",\"item\":\"https:\/\/www.salvador-ingelse.nl\/de\/\"},{\"@type\":\"ListItem\",\"position\":2,\"name\":\"Ihr Rechtsanwalt\"}]},{\"@type\":\"WebSite\",\"@id\":\"https:\/\/www.salvador-ingelse.nl\/de\/#website\",\"url\":\"https:\/\/www.salvador-ingelse.nl\/de\/\",\"name\":\"Salvador Ingelse Advocaten\",\"description\":\"\",\"potentialAction\":[{\"@type\":\"SearchAction\",\"target\":{\"@type\":\"EntryPoint\",\"urlTemplate\":\"https:\/\/www.salvador-ingelse.nl\/de\/?s={search_term_string}\"},\"query-input\":{\"@type\":\"PropertyValueSpecification\",\"valueRequired\":true,\"valueName\":\"search_term_string\"}}],\"inLanguage\":\"de\"}]}<\/script>\n<!-- \/ Yoast SEO plugin. -->","yoast_head_json":{"title":"Salvador Ingelse Advocaten","description":"Salvador Ingelse Advocaten","robots":{"index":"index","follow":"follow","max-snippet":"max-snippet:-1","max-image-preview":"max-image-preview:large","max-video-preview":"max-video-preview:-1"},"canonical":"https:\/\/www.salvador-ingelse.nl\/de\/over-ons-2\/","og_locale":"de_DE","og_type":"article","og_title":"Salvador Ingelse Advocaten","og_description":"Salvador Ingelse Advocaten","og_url":"https:\/\/www.salvador-ingelse.nl\/de\/over-ons-2\/","og_site_name":"Salvador Ingelse Advocaten","article_modified_time":"2023-03-21T15:59:09+00:00","twitter_misc":{"Gesch\u00e4tzte Lesezeit":"2\u00a0Minuten"},"schema":{"@context":"https:\/\/schema.org","@graph":[{"@type":"WebPage","@id":"https:\/\/www.salvador-ingelse.nl\/de\/over-ons-2\/","url":"https:\/\/www.salvador-ingelse.nl\/de\/over-ons-2\/","name":"Salvador Ingelse Advocaten","isPartOf":{"@id":"https:\/\/www.salvador-ingelse.nl\/de\/#website"},"datePublished":"2014-12-22T09:53:16+00:00","dateModified":"2023-03-21T15:59:09+00:00","description":"Salvador Ingelse Advocaten","breadcrumb":{"@id":"https:\/\/www.salvador-ingelse.nl\/de\/over-ons-2\/#breadcrumb"},"inLanguage":"de","potentialAction":[{"@type":"ReadAction","target":["https:\/\/www.salvador-ingelse.nl\/de\/over-ons-2\/"]}]},{"@type":"BreadcrumbList","@id":"https:\/\/www.salvador-ingelse.nl\/de\/over-ons-2\/#breadcrumb","itemListElement":[{"@type":"ListItem","position":1,"name":"Start","item":"https:\/\/www.salvador-ingelse.nl\/de\/"},{"@type":"ListItem","position":2,"name":"Ihr Rechtsanwalt"}]},{"@type":"WebSite","@id":"https:\/\/www.salvador-ingelse.nl\/de\/#website","url":"https:\/\/www.salvador-ingelse.nl\/de\/","name":"Salvador Ingelse Advocaten","description":"","potentialAction":[{"@type":"SearchAction","target":{"@type":"EntryPoint","urlTemplate":"https:\/\/www.salvador-ingelse.nl\/de\/?s={search_term_string}"},"query-input":{"@type":"PropertyValueSpecification","valueRequired":true,"valueName":"search_term_string"}}],"inLanguage":"de"}]}},"_links":{"self":[{"href":"https:\/\/www.salvador-ingelse.nl\/de\/wp-json\/wp\/v2\/pages\/3295","targetHints":{"allow":["GET"]}}],"collection":[{"href":"https:\/\/www.salvador-ingelse.nl\/de\/wp-json\/wp\/v2\/pages"}],"about":[{"href":"https:\/\/www.salvador-ingelse.nl\/de\/wp-json\/wp\/v2\/types\/page"}],"author":[{"embeddable":true,"href":"https:\/\/www.salvador-ingelse.nl\/de\/wp-json\/wp\/v2\/users\/1"}],"replies":[{"embeddable":true,"href":"https:\/\/www.salvador-ingelse.nl\/de\/wp-json\/wp\/v2\/comments?post=3295"}],"version-history":[{"count":27,"href":"https:\/\/www.salvador-ingelse.nl\/de\/wp-json\/wp\/v2\/pages\/3295\/revisions"}],"predecessor-version":[{"id":5008,"href":"https:\/\/www.salvador-ingelse.nl\/de\/wp-json\/wp\/v2\/pages\/3295\/revisions\/5008"}],"wp:attachment":[{"href":"https:\/\/www.salvador-ingelse.nl\/de\/wp-json\/wp\/v2\/media?parent=3295"}],"curies":[{"name":"wp","href":"https:\/\/api.w.org\/{rel}","templated":true}]}}