{"id":3262,"date":"2013-05-31T08:44:43","date_gmt":"2013-05-31T08:44:43","guid":{"rendered":"http:\/\/www.salvador-ingelse.nl\/sample-page-2-2\/"},"modified":"2026-01-13T16:02:18","modified_gmt":"2026-01-13T15:02:18","slug":"sample-page-2","status":"publish","type":"page","link":"https:\/\/www.salvador-ingelse.nl\/es\/","title":{"rendered":"Home"},"content":{"rendered":"<section class=\"l-section wpb_row height_auto\"><div class=\"l-section-h i-cf\"><div class=\"g-cols vc_row via_grid cols_1 laptops-cols_inherit tablets-cols_inherit mobiles-cols_1 valign_top type_default stacking_default\"><div class=\"wpb_column vc_column_container\"><div class=\"vc_column-inner\"><div class=\"w-separator size_medium\"><\/div><div class=\"wpb_text_column us_custom_f97ddaa7\"><div class=\"wpb_wrapper\"><p><span style=\"color: #800000;\">La firma Salvador-Ingelse<\/span>\u00a0<em>es<\/em> el Dr. Chris Ingelse, abogado, admitido en el <a href=\"https:\/\/www.advocatenorde.nl\/english\">Colegio de Abogados de Los Pa\u00edses Bajos (Nederlandse Orde van Advocaten, NOVA)*<\/a>. La firma y el nombre surgieron de la colaboraci\u00f3n entre la Sra. Sandra Salvador y el Sr. Chris Ingelse. Cuando Sandra Salvador cerr\u00f3 su bufete, sigui\u00f3 asociada a la empresa como consultora.<\/p>\n<p><span style=\"color: #800000;\">Chris Ingelse tiene un bufete general.<\/span>\u00a0En el registro de competencias jur\u00eddicas del Colegio de Abogados de los Pa\u00edses Bajos, est\u00e1 inscrito en las \u00e1reas de pr\u00e1ctica general (incluido el Derecho civil) y Derecho penal (incluido el Derecho penal de menores). Chris Ingelse es miembro de la <a href=\"http:\/\/vpan.nu\/\">Asociaci\u00f3n Neerlandesa de Abogados de Pacientes Psiqui\u00e1tricos (Vereniging Psychiatrisch Pati\u00ebntenrecht Advocaten Nederland, vPAN)*<\/a>.<\/p>\n<p><span style=\"color: #800000;\">Puede obtener una estimaci\u00f3n<\/span>\u00a0de su posici\u00f3n y de los costes en una reuni\u00f3n sin compromiso. Salvador-Ingelse puede trabajar sobre la base de <a href=\"http:\/\/www.rechtsbijstand.nl\/\">asistencia jur\u00eddica financiada (&#8216;pro deo&#8217;)*<\/a>.<\/p>\n<p><span style=\"color: #800000;\">Por favor lea<\/span>\u00a0la letra peque\u00f1a a continuac\u00edon.<\/p>\n<\/div><\/div><div class=\"w-separator size_custom\" style=\"height:40px\"><\/div><div class=\"w-separator us_custom_0c9f7d7d size_custom with_line width_default thick_1 style_solid color_text align_center\" style=\"height:10px\"><div class=\"w-separator-h\"><\/div><\/div><div class=\"w-separator size_custom\" style=\"height:12px\"><\/div><div class=\"wpb_text_column us_custom_15464438\"><div class=\"wpb_wrapper\"><p><a href=\"https:\/\/www.salvador-ingelse.nl\/en\/conditions\/\">Las condiciones generales<\/a>* se aplican a todas las actividades del abogado.<\/p>\n<\/div><\/div><div class=\"w-separator size_custom\" style=\"height:12px\"><\/div><div class=\"wpb_text_column us_custom_15464438\"><div class=\"wpb_wrapper\"><p>De acuerdo con la obligaci\u00f3n legal, el abogado est\u00e1 asegurado de forma independiente por responsabilidad profesional. La responsabilidad del abogado se limita en todo momento al importe pagado en virtud del seguro de responsabilidad civil en el caso de que se trate, incluido el importe de la franquicia.<\/p>\n<\/div><\/div><div class=\"w-separator size_custom\" style=\"height:12px\"><\/div><div class=\"wpb_text_column us_custom_15464438\"><div class=\"wpb_wrapper\"><p>En virtud de la inscripci\u00f3n en el registro de competencias jur\u00eddicas del Colegio de Abogados, el abogado est\u00e1 obligado a obtener cada a\u00f1o diez puntos de formaci\u00f3n en cada una de las principales \u00e1reas del derecho registradas, de acuerdo con las normas del Colegio de Abogados.<\/p>\n<\/div><\/div><div class=\"w-separator size_custom\" style=\"height:12px\"><\/div><div class=\"wpb_text_column us_custom_15464438\"><div class=\"wpb_wrapper\"><p>El abogado dispone de un <a href=\"https:\/\/www.salvador-ingelse.nl\/complaints-procedure\/?lang=en\">procedimiento de quejas<\/a>* y de un <a href=\"https:\/\/www.salvador-ingelse.nl\/privacy\/?lang=en\">reglamento de privacidad<\/a>*.<\/p>\n<\/div><\/div><div class=\"w-separator size_custom\" style=\"height:12px\"><\/div><div class=\"wpb_text_column us_custom_15464438\"><div class=\"wpb_wrapper\"><p>Si, en caso de urgencia, el abogado no pudiera desempe\u00f1ar sus funciones, se har\u00e1 cargo de todos los asuntos pendientes el Sr. Wilbert de Vilder, de <a href=\"https:\/\/www.keulersadvocaten.nl\/\">Keulers &amp; partners advocaten<\/a>*, Maastrichterlaan 9 en (6191 AA) Beek, Pa\u00edses Bajos.<\/p>\n<\/div><\/div><div class=\"w-separator size_custom\" style=\"height:30px\"><\/div><div class=\"w-separator us_custom_0c9f7d7d size_custom with_line width_default thick_1 style_solid color_text align_center\" style=\"height:10px\"><div class=\"w-separator-h\"><\/div><\/div><div class=\"w-separator size_custom\" style=\"height:12px\"><\/div><div class=\"wpb_text_column us_custom_15464438\"><div class=\"wpb_wrapper\"><p>* Al hacer clic aqui se abre el documento.<\/p>\n<\/div><\/div><\/div><\/div><div class=\"wpb_column vc_column_container\"><div class=\"vc_column-inner\"><\/div><\/div><\/div><\/div><\/section>\n","protected":false},"excerpt":{"rendered":"La firma Salvador-Ingelse\u00a0es el Dr. Chris Ingelse, abogado, admitido en el Colegio de Abogados de Los Pa\u00edses Bajos (Nederlandse Orde van Advocaten, NOVA)*. La firma y el nombre surgieron de la colaboraci\u00f3n entre la Sra. Sandra Salvador y el Sr. Chris Ingelse. Cuando Sandra Salvador cerr\u00f3 su bufete, sigui\u00f3 asociada a la empresa como consultora....","protected":false},"author":1,"featured_media":0,"parent":0,"menu_order":0,"comment_status":"closed","ping_status":"closed","template":"","meta":{"footnotes":""},"class_list":["post-3262","page","type-page","status-publish","hentry"],"yoast_head":"<!-- This site is optimized with the Yoast SEO plugin v26.7 - https:\/\/yoast.com\/wordpress\/plugins\/seo\/ -->\n<title>Home Salvador Ingelse Advocaten<\/title>\n<meta name=\"description\" content=\"Home Salvador Ingelse Advocaten\" \/>\n<meta name=\"robots\" content=\"index, follow, max-snippet:-1, max-image-preview:large, max-video-preview:-1\" \/>\n<link rel=\"canonical\" href=\"https:\/\/www.salvador-ingelse.nl\/es\/\" \/>\n<meta property=\"og:locale\" content=\"es_ES\" \/>\n<meta property=\"og:type\" content=\"article\" \/>\n<meta property=\"og:title\" content=\"Home Salvador Ingelse Advocaten\" \/>\n<meta property=\"og:description\" content=\"Home Salvador Ingelse Advocaten\" \/>\n<meta property=\"og:url\" content=\"https:\/\/www.salvador-ingelse.nl\/es\/\" \/>\n<meta property=\"og:site_name\" content=\"Salvador Ingelse Advocaten\" \/>\n<meta property=\"article:modified_time\" content=\"2026-01-13T15:02:18+00:00\" \/>\n<meta name=\"twitter:label1\" content=\"Tiempo de lectura\" \/>\n\t<meta name=\"twitter:data1\" content=\"2 minutos\" \/>\n<script type=\"application\/ld+json\" class=\"yoast-schema-graph\">{\"@context\":\"https:\/\/schema.org\",\"@graph\":[{\"@type\":\"WebPage\",\"@id\":\"https:\/\/www.salvador-ingelse.nl\/es\/\",\"url\":\"https:\/\/www.salvador-ingelse.nl\/es\/\",\"name\":\"Home Salvador Ingelse Advocaten\",\"isPartOf\":{\"@id\":\"https:\/\/www.salvador-ingelse.nl\/es\/#website\"},\"datePublished\":\"2013-05-31T08:44:43+00:00\",\"dateModified\":\"2026-01-13T15:02:18+00:00\",\"description\":\"Home Salvador Ingelse Advocaten\",\"breadcrumb\":{\"@id\":\"https:\/\/www.salvador-ingelse.nl\/es\/#breadcrumb\"},\"inLanguage\":\"es\",\"potentialAction\":[{\"@type\":\"ReadAction\",\"target\":[\"https:\/\/www.salvador-ingelse.nl\/es\/\"]}]},{\"@type\":\"BreadcrumbList\",\"@id\":\"https:\/\/www.salvador-ingelse.nl\/es\/#breadcrumb\",\"itemListElement\":[{\"@type\":\"ListItem\",\"position\":1,\"name\":\"Portada\",\"item\":\"https:\/\/www.salvador-ingelse.nl\/es\/\"},{\"@type\":\"ListItem\",\"position\":2,\"name\":\"Home\"}]},{\"@type\":\"WebSite\",\"@id\":\"https:\/\/www.salvador-ingelse.nl\/es\/#website\",\"url\":\"https:\/\/www.salvador-ingelse.nl\/es\/\",\"name\":\"Salvador Ingelse Advocaten\",\"description\":\"\",\"potentialAction\":[{\"@type\":\"SearchAction\",\"target\":{\"@type\":\"EntryPoint\",\"urlTemplate\":\"https:\/\/www.salvador-ingelse.nl\/es\/?s={search_term_string}\"},\"query-input\":{\"@type\":\"PropertyValueSpecification\",\"valueRequired\":true,\"valueName\":\"search_term_string\"}}],\"inLanguage\":\"es\"}]}<\/script>\n<!-- \/ Yoast SEO plugin. -->","yoast_head_json":{"title":"Home Salvador Ingelse Advocaten","description":"Home Salvador Ingelse Advocaten","robots":{"index":"index","follow":"follow","max-snippet":"max-snippet:-1","max-image-preview":"max-image-preview:large","max-video-preview":"max-video-preview:-1"},"canonical":"https:\/\/www.salvador-ingelse.nl\/es\/","og_locale":"es_ES","og_type":"article","og_title":"Home Salvador Ingelse Advocaten","og_description":"Home Salvador Ingelse Advocaten","og_url":"https:\/\/www.salvador-ingelse.nl\/es\/","og_site_name":"Salvador Ingelse Advocaten","article_modified_time":"2026-01-13T15:02:18+00:00","twitter_misc":{"Tiempo de lectura":"2 minutos"},"schema":{"@context":"https:\/\/schema.org","@graph":[{"@type":"WebPage","@id":"https:\/\/www.salvador-ingelse.nl\/es\/","url":"https:\/\/www.salvador-ingelse.nl\/es\/","name":"Home Salvador Ingelse Advocaten","isPartOf":{"@id":"https:\/\/www.salvador-ingelse.nl\/es\/#website"},"datePublished":"2013-05-31T08:44:43+00:00","dateModified":"2026-01-13T15:02:18+00:00","description":"Home Salvador Ingelse Advocaten","breadcrumb":{"@id":"https:\/\/www.salvador-ingelse.nl\/es\/#breadcrumb"},"inLanguage":"es","potentialAction":[{"@type":"ReadAction","target":["https:\/\/www.salvador-ingelse.nl\/es\/"]}]},{"@type":"BreadcrumbList","@id":"https:\/\/www.salvador-ingelse.nl\/es\/#breadcrumb","itemListElement":[{"@type":"ListItem","position":1,"name":"Portada","item":"https:\/\/www.salvador-ingelse.nl\/es\/"},{"@type":"ListItem","position":2,"name":"Home"}]},{"@type":"WebSite","@id":"https:\/\/www.salvador-ingelse.nl\/es\/#website","url":"https:\/\/www.salvador-ingelse.nl\/es\/","name":"Salvador Ingelse Advocaten","description":"","potentialAction":[{"@type":"SearchAction","target":{"@type":"EntryPoint","urlTemplate":"https:\/\/www.salvador-ingelse.nl\/es\/?s={search_term_string}"},"query-input":{"@type":"PropertyValueSpecification","valueRequired":true,"valueName":"search_term_string"}}],"inLanguage":"es"}]}},"_links":{"self":[{"href":"https:\/\/www.salvador-ingelse.nl\/es\/wp-json\/wp\/v2\/pages\/3262","targetHints":{"allow":["GET"]}}],"collection":[{"href":"https:\/\/www.salvador-ingelse.nl\/es\/wp-json\/wp\/v2\/pages"}],"about":[{"href":"https:\/\/www.salvador-ingelse.nl\/es\/wp-json\/wp\/v2\/types\/page"}],"author":[{"embeddable":true,"href":"https:\/\/www.salvador-ingelse.nl\/es\/wp-json\/wp\/v2\/users\/1"}],"replies":[{"embeddable":true,"href":"https:\/\/www.salvador-ingelse.nl\/es\/wp-json\/wp\/v2\/comments?post=3262"}],"version-history":[{"count":33,"href":"https:\/\/www.salvador-ingelse.nl\/es\/wp-json\/wp\/v2\/pages\/3262\/revisions"}],"predecessor-version":[{"id":5311,"href":"https:\/\/www.salvador-ingelse.nl\/es\/wp-json\/wp\/v2\/pages\/3262\/revisions\/5311"}],"wp:attachment":[{"href":"https:\/\/www.salvador-ingelse.nl\/es\/wp-json\/wp\/v2\/media?parent=3262"}],"curies":[{"name":"wp","href":"https:\/\/api.w.org\/{rel}","templated":true}]}}