{"id":3281,"date":"2013-05-31T12:06:54","date_gmt":"2013-05-31T12:06:54","guid":{"rendered":"http:\/\/www.salvador-ingelse.nl\/onze-werkwijze-2\/"},"modified":"2023-03-21T17:00:20","modified_gmt":"2023-03-21T16:00:20","slug":"onze-werkwijze","status":"publish","type":"page","link":"https:\/\/www.salvador-ingelse.nl\/es\/onze-werkwijze\/","title":{"rendered":"M\u00e9todos de trabajo"},"content":{"rendered":"<section class=\"l-section wpb_row height_small\"><div class=\"l-section-h i-cf\"><div class=\"g-cols vc_row via_grid cols_1 laptops-cols_inherit tablets-cols_inherit mobiles-cols_1 valign_top type_default stacking_default\"><div class=\"wpb_column vc_column_container\"><div class=\"vc_column-inner\">[vc_raw_html]JTNDZGl2JTIwc3R5bGUlM0QlMjJmb250LXNpemUlM0ElMjAxMnB4JTIwJTIxaW1wb3J0YW50JTNCJTIwdGV4dC1hbGlnbiUzQSUyMGNlbnRlciUzQiUyMiUzRSUzQ2ElMjBocmVmJTNEJTIyJTNGbGFuZyUzRG5sJTIyJTNFTkwlM0MlMkZhJTNFJTIwJTdDJTIwJTNDYSUyMGhyZWYlM0QlMjIlMjAlM0ZsYW5nJTNEZW4lMjIlM0UlMjBFTiUyMCUzQyUyRmElM0UlN0MlMjAlM0NhJTIwaHJlZiUzRCUyMiUyMCUzRmxhbmclM0RmciUyMiUzRSUyMEZSJTIwJTNDJTJGYSUzRSUzQ2ElM0UlMjAlN0MlMjAlM0MlMkZhJTNFJTNDYSUyMGhyZWYlM0QlMjIlMjAlM0ZsYW5nJTNEZGUlMjIlM0UlMjBERSUyMCUzQyUyRmElM0UlM0NhJTNFJTdDJTIwJTNDJTJGYSUzRSUzQ2ElMjBocmVmJTNEJTIyJTIwJTNGbGFuZyUzRGVzJTIyJTNFRVNQJUMyJUEwJTNDJTJGYSUzRSUzQyUyRmRpdiUzRQ==[\/vc_raw_html]<\/div><\/div><\/div><\/div><\/section><section class=\"l-section wpb_row height_auto\"><div class=\"l-section-h i-cf\"><div class=\"g-cols vc_row via_grid cols_1 laptops-cols_inherit tablets-cols_inherit mobiles-cols_1 valign_top type_default stacking_default\"><div class=\"wpb_column vc_column_container\"><div class=\"vc_column-inner\"><div class=\"wpb_text_column\"><div class=\"wpb_wrapper\"><p><span style=\"color: #800000;\">Nuestro<\/span> m\u00e9todo de trabajo es simple, r\u00e1pido y efectivo. Usted nos contacta por tel\u00e9fono o email y est\u00e1 en contacto directo con un abogado. Durante una consulta gratis introductoria sin compromiso, le brindamos una evaluaci\u00f3n inicial de su caso y una idea de los costos.<span style=\"color: #800000;\">Tras consultar<\/span> con usted, se determina si vale la pena resolver el caso mediante un procedimiento legal. En el caso de disputas, primero intentamos llegar a un resultado satisfactorio a trav\u00e9s de la consulta y negociaci\u00f3n. Si no tenemos \u00e9xito, evaluamos si obtendremos el resultado deseado present\u00e1ndonos ante el tribunal. A veces lo remitimos a otro estudio jur\u00eddico.<\/p>\n<p><span style=\"color: #800000;\">De esta forma<\/span> sus costos se pueden mantener bajos, siempre que se tome una acci\u00f3n inmediata. Pero tambi\u00e9n dado a que siempre controlamos si usted tiene derecho a Asistencia Jur\u00eddica Gratuita. Si este es el caso, usted no nos debe pagar nada o como mucho una contribuci\u00f3n determinada por el Consejo de Asistencia Jur\u00eddica Gratuita. Ya estamos ayudado a muchos clientes de esta manera. Usted puede verificar si tiene derecho a asistencia jur\u00eddica gratuita en el sitio web del Consejo de Asistencia Jur\u00eddica Gratuita.<\/p>\n<p><span style=\"color: #800000;\">De lo contrario<\/span> trabajaremos para usted en base a honorarios por hora. Gracias a nuestro tama\u00f1o moderado, los costos son bajos y por lo tanto el honorario por hora es muy competitivo. Dentro de ciertos l\u00edmites, tambi\u00e9n puede ajustarse a sus posibilidades y a la urgencia, importancia y naturaleza del caso.<\/p>\n<p><span style=\"color: #800000;\">El Dr. Chris Ingelse<\/span> trabaja regularmente con el Sr. <a href=\"http:\/\/www.mmrecht.com\">Murk Muller<\/a>. Murk Muller se encarga de casos en las \u00e1reas de derecho corporativo, derecho del transporte y el derecho civil. El es tambi\u00e9n abogado (<i>Rechtsanwalt<\/i>) en Alemania<\/p>\n<p><span style=\"color: #800000;\">Pru\u00e9benos<\/span>, llamando por tel\u00e9fono o envi\u00e1ndonos su pregunta por <span style=\"color: #800000;\"><a class=\"intro\" style=\"color: #800000;\" href=\"mailto:info@salvador-ingelse.nl\">e-mail<\/a><span style=\"color: #000000;\">.<br \/>\n<\/span><\/span><\/p>\n<p><span style=\"color: #ffffff;\">M\u00e9todos de trabajo Salvador Ingelse Advocaten<\/span><\/p>\n<\/div><\/div><\/div><\/div><\/div><\/div><\/section><section class=\"l-section wpb_row height_medium\"><div class=\"l-section-h i-cf\"><div class=\"g-cols vc_row via_grid cols_1 laptops-cols_inherit tablets-cols_inherit mobiles-cols_1 valign_top type_default stacking_default\"><div class=\"wpb_column vc_column_container\"><div class=\"vc_column-inner\"><\/div><\/div><\/div><\/div><\/section><section class=\"l-section wpb_row height_medium\"><div class=\"l-section-h i-cf\"><div class=\"g-cols vc_row via_grid cols_1 laptops-cols_inherit tablets-cols_inherit mobiles-cols_1 valign_top type_default stacking_default\"><div class=\"wpb_column vc_column_container\"><div class=\"vc_column-inner\"><div class=\"wpb_text_column\"><div class=\"wpb_wrapper\"><\/div><\/div><\/div><\/div><\/div><\/div><\/section>\n","protected":false},"excerpt":{"rendered":"[vc_raw_html]JTNDZGl2JTIwc3R5bGUlM0QlMjJmb250LXNpemUlM0ElMjAxMnB4JTIwJTIxaW1wb3J0YW50JTNCJTIwdGV4dC1hbGlnbiUzQSUyMGNlbnRlciUzQiUyMiUzRSUzQ2ElMjBocmVmJTNEJTIyJTNGbGFuZyUzRG5sJTIyJTNFTkwlM0MlMkZhJTNFJTIwJTdDJTIwJTNDYSUyMGhyZWYlM0QlMjIlMjAlM0ZsYW5nJTNEZW4lMjIlM0UlMjBFTiUyMCUzQyUyRmElM0UlN0MlMjAlM0NhJTIwaHJlZiUzRCUyMiUyMCUzRmxhbmclM0RmciUyMiUzRSUyMEZSJTIwJTNDJTJGYSUzRSUzQ2ElM0UlMjAlN0MlMjAlM0MlMkZhJTNFJTNDYSUyMGhyZWYlM0QlMjIlMjAlM0ZsYW5nJTNEZGUlMjIlM0UlMjBERSUyMCUzQyUyRmElM0UlM0NhJTNFJTdDJTIwJTNDJTJGYSUzRSUzQ2ElMjBocmVmJTNEJTIyJTIwJTNGbGFuZyUzRGVzJTIyJTNFRVNQJUMyJUEwJTNDJTJGYSUzRSUzQyUyRmRpdiUzRQ==[\/vc_raw_html]Nuestro m\u00e9todo de trabajo es simple, r\u00e1pido y efectivo. Usted nos contacta por tel\u00e9fono o email y est\u00e1 en contacto directo con un abogado. Durante una consulta gratis introductoria sin compromiso, le brindamos una evaluaci\u00f3n inicial de su caso y una idea de los costos.Tras consultar con usted, se determina si vale la pena resolver...","protected":false},"author":1,"featured_media":0,"parent":0,"menu_order":0,"comment_status":"closed","ping_status":"closed","template":"","meta":{"footnotes":""},"class_list":["post-3281","page","type-page","status-publish","hentry"],"yoast_head":"<!-- This site is optimized with the Yoast SEO plugin v26.7 - https:\/\/yoast.com\/wordpress\/plugins\/seo\/ -->\n<title>M\u00e9todos de trabajo Salvador Ingelse Advocaten<\/title>\n<meta name=\"description\" content=\"M\u00e9todos de trabajo Salvador Ingelse Advocaten\" \/>\n<meta name=\"robots\" content=\"index, follow, max-snippet:-1, max-image-preview:large, max-video-preview:-1\" \/>\n<link rel=\"canonical\" href=\"https:\/\/www.salvador-ingelse.nl\/es\/onze-werkwijze\/\" \/>\n<meta property=\"og:locale\" content=\"es_ES\" \/>\n<meta property=\"og:type\" content=\"article\" \/>\n<meta property=\"og:title\" content=\"M\u00e9todos de trabajo Salvador Ingelse Advocaten\" \/>\n<meta property=\"og:description\" content=\"M\u00e9todos de trabajo Salvador Ingelse Advocaten\" \/>\n<meta property=\"og:url\" content=\"https:\/\/www.salvador-ingelse.nl\/es\/onze-werkwijze\/\" \/>\n<meta property=\"og:site_name\" content=\"Salvador Ingelse Advocaten\" \/>\n<meta property=\"article:modified_time\" content=\"2023-03-21T16:00:20+00:00\" \/>\n<meta name=\"twitter:label1\" content=\"Tiempo de lectura\" \/>\n\t<meta name=\"twitter:data1\" content=\"2 minutos\" \/>\n<script type=\"application\/ld+json\" class=\"yoast-schema-graph\">{\"@context\":\"https:\/\/schema.org\",\"@graph\":[{\"@type\":\"WebPage\",\"@id\":\"https:\/\/www.salvador-ingelse.nl\/es\/onze-werkwijze\/\",\"url\":\"https:\/\/www.salvador-ingelse.nl\/es\/onze-werkwijze\/\",\"name\":\"M\u00e9todos de trabajo Salvador Ingelse Advocaten\",\"isPartOf\":{\"@id\":\"https:\/\/www.salvador-ingelse.nl\/es\/#website\"},\"datePublished\":\"2013-05-31T12:06:54+00:00\",\"dateModified\":\"2023-03-21T16:00:20+00:00\",\"description\":\"M\u00e9todos de trabajo Salvador Ingelse Advocaten\",\"breadcrumb\":{\"@id\":\"https:\/\/www.salvador-ingelse.nl\/es\/onze-werkwijze\/#breadcrumb\"},\"inLanguage\":\"es\",\"potentialAction\":[{\"@type\":\"ReadAction\",\"target\":[\"https:\/\/www.salvador-ingelse.nl\/es\/onze-werkwijze\/\"]}]},{\"@type\":\"BreadcrumbList\",\"@id\":\"https:\/\/www.salvador-ingelse.nl\/es\/onze-werkwijze\/#breadcrumb\",\"itemListElement\":[{\"@type\":\"ListItem\",\"position\":1,\"name\":\"Portada\",\"item\":\"https:\/\/www.salvador-ingelse.nl\/es\/\"},{\"@type\":\"ListItem\",\"position\":2,\"name\":\"M\u00e9todos de trabajo\"}]},{\"@type\":\"WebSite\",\"@id\":\"https:\/\/www.salvador-ingelse.nl\/es\/#website\",\"url\":\"https:\/\/www.salvador-ingelse.nl\/es\/\",\"name\":\"Salvador Ingelse Advocaten\",\"description\":\"\",\"potentialAction\":[{\"@type\":\"SearchAction\",\"target\":{\"@type\":\"EntryPoint\",\"urlTemplate\":\"https:\/\/www.salvador-ingelse.nl\/es\/?s={search_term_string}\"},\"query-input\":{\"@type\":\"PropertyValueSpecification\",\"valueRequired\":true,\"valueName\":\"search_term_string\"}}],\"inLanguage\":\"es\"}]}<\/script>\n<!-- \/ Yoast SEO plugin. -->","yoast_head_json":{"title":"M\u00e9todos de trabajo Salvador Ingelse Advocaten","description":"M\u00e9todos de trabajo Salvador Ingelse Advocaten","robots":{"index":"index","follow":"follow","max-snippet":"max-snippet:-1","max-image-preview":"max-image-preview:large","max-video-preview":"max-video-preview:-1"},"canonical":"https:\/\/www.salvador-ingelse.nl\/es\/onze-werkwijze\/","og_locale":"es_ES","og_type":"article","og_title":"M\u00e9todos de trabajo Salvador Ingelse Advocaten","og_description":"M\u00e9todos de trabajo Salvador Ingelse Advocaten","og_url":"https:\/\/www.salvador-ingelse.nl\/es\/onze-werkwijze\/","og_site_name":"Salvador Ingelse Advocaten","article_modified_time":"2023-03-21T16:00:20+00:00","twitter_misc":{"Tiempo de lectura":"2 minutos"},"schema":{"@context":"https:\/\/schema.org","@graph":[{"@type":"WebPage","@id":"https:\/\/www.salvador-ingelse.nl\/es\/onze-werkwijze\/","url":"https:\/\/www.salvador-ingelse.nl\/es\/onze-werkwijze\/","name":"M\u00e9todos de trabajo Salvador Ingelse Advocaten","isPartOf":{"@id":"https:\/\/www.salvador-ingelse.nl\/es\/#website"},"datePublished":"2013-05-31T12:06:54+00:00","dateModified":"2023-03-21T16:00:20+00:00","description":"M\u00e9todos de trabajo Salvador Ingelse Advocaten","breadcrumb":{"@id":"https:\/\/www.salvador-ingelse.nl\/es\/onze-werkwijze\/#breadcrumb"},"inLanguage":"es","potentialAction":[{"@type":"ReadAction","target":["https:\/\/www.salvador-ingelse.nl\/es\/onze-werkwijze\/"]}]},{"@type":"BreadcrumbList","@id":"https:\/\/www.salvador-ingelse.nl\/es\/onze-werkwijze\/#breadcrumb","itemListElement":[{"@type":"ListItem","position":1,"name":"Portada","item":"https:\/\/www.salvador-ingelse.nl\/es\/"},{"@type":"ListItem","position":2,"name":"M\u00e9todos de trabajo"}]},{"@type":"WebSite","@id":"https:\/\/www.salvador-ingelse.nl\/es\/#website","url":"https:\/\/www.salvador-ingelse.nl\/es\/","name":"Salvador Ingelse Advocaten","description":"","potentialAction":[{"@type":"SearchAction","target":{"@type":"EntryPoint","urlTemplate":"https:\/\/www.salvador-ingelse.nl\/es\/?s={search_term_string}"},"query-input":{"@type":"PropertyValueSpecification","valueRequired":true,"valueName":"search_term_string"}}],"inLanguage":"es"}]}},"_links":{"self":[{"href":"https:\/\/www.salvador-ingelse.nl\/es\/wp-json\/wp\/v2\/pages\/3281","targetHints":{"allow":["GET"]}}],"collection":[{"href":"https:\/\/www.salvador-ingelse.nl\/es\/wp-json\/wp\/v2\/pages"}],"about":[{"href":"https:\/\/www.salvador-ingelse.nl\/es\/wp-json\/wp\/v2\/types\/page"}],"author":[{"embeddable":true,"href":"https:\/\/www.salvador-ingelse.nl\/es\/wp-json\/wp\/v2\/users\/1"}],"replies":[{"embeddable":true,"href":"https:\/\/www.salvador-ingelse.nl\/es\/wp-json\/wp\/v2\/comments?post=3281"}],"version-history":[{"count":20,"href":"https:\/\/www.salvador-ingelse.nl\/es\/wp-json\/wp\/v2\/pages\/3281\/revisions"}],"predecessor-version":[{"id":5010,"href":"https:\/\/www.salvador-ingelse.nl\/es\/wp-json\/wp\/v2\/pages\/3281\/revisions\/5010"}],"wp:attachment":[{"href":"https:\/\/www.salvador-ingelse.nl\/es\/wp-json\/wp\/v2\/media?parent=3281"}],"curies":[{"name":"wp","href":"https:\/\/api.w.org\/{rel}","templated":true}]}}