{"id":3296,"date":"2014-12-22T10:53:16","date_gmt":"2014-12-22T09:53:16","guid":{"rendered":"http:\/\/www.salvador-ingelse.nl\/over-ons-2-2\/"},"modified":"2023-03-21T17:00:43","modified_gmt":"2023-03-21T16:00:43","slug":"over-ons-2","status":"publish","type":"page","link":"https:\/\/www.salvador-ingelse.nl\/es\/over-ons-2\/","title":{"rendered":"Su abogado"},"content":{"rendered":"<section class=\"l-section wpb_row height_small\"><div class=\"l-section-h i-cf\"><div class=\"g-cols vc_row via_grid cols_1 laptops-cols_inherit tablets-cols_inherit mobiles-cols_1 valign_top type_default stacking_default\"><div class=\"wpb_column vc_column_container\"><div class=\"vc_column-inner\">[vc_raw_html]JTNDZGl2JTIwc3R5bGUlM0QlMjJmb250LXNpemUlM0ElMjAxMnB4JTIwJTIxaW1wb3J0YW50JTNCJTIwdGV4dC1hbGlnbiUzQSUyMGNlbnRlciUzQiUyMiUzRSUzQ2ElMjBocmVmJTNEJTIyJTNGbGFuZyUzRG5sJTIyJTNFTkwlM0MlMkZhJTNFJTIwJTdDJTIwJTNDYSUyMGhyZWYlM0QlMjIlMjAlM0ZsYW5nJTNEZW4lMjIlM0UlMjBFTiUyMCUzQyUyRmElM0UlN0MlMjAlM0NhJTIwaHJlZiUzRCUyMiUyMCUzRmxhbmclM0RmciUyMiUzRSUyMEZSJTIwJTNDJTJGYSUzRSUzQ2ElM0UlMjAlN0MlMjAlM0MlMkZhJTNFJTNDYSUyMGhyZWYlM0QlMjIlMjAlM0ZsYW5nJTNEZGUlMjIlM0UlMjBERSUyMCUzQyUyRmElM0UlM0NhJTNFJTdDJTIwJTNDJTJGYSUzRSUzQ2ElMjBocmVmJTNEJTIyJTIwJTNGbGFuZyUzRGVzJTIyJTNFRVNQJUMyJUEwJTNDJTJGYSUzRSUzQyUyRmRpdiUzRQ==[\/vc_raw_html]<\/div><\/div><\/div><\/div><\/section><section class=\"l-section wpb_row height_auto\"><div class=\"l-section-h i-cf\"><div class=\"g-cols vc_row via_grid cols_1-5 laptops-cols_inherit tablets-cols_inherit mobiles-cols_1 valign_top type_default stacking_default\"><div class=\"wpb_column vc_column_container\"><div class=\"vc_column-inner\"><div class=\"wpb_text_column\"><div class=\"wpb_wrapper\"><div class=\"w-image align_none\"><div class=\"w-image-h\"><img decoding=\"async\" width=\"225\" height=\"300\" src=\"https:\/\/www.salvador-ingelse.nl\/wp-content\/uploads\/2013\/05\/RPP4677-225x300.jpg\" class=\"attachment-medium size-medium\" alt=\"\" loading=\"lazy\" srcset=\"https:\/\/www.salvador-ingelse.nl\/wp-content\/uploads\/2013\/05\/RPP4677-225x300.jpg 225w, https:\/\/www.salvador-ingelse.nl\/wp-content\/uploads\/2013\/05\/RPP4677-768x1024.jpg 768w, https:\/\/www.salvador-ingelse.nl\/wp-content\/uploads\/2013\/05\/RPP4677-450x600.jpg 450w, https:\/\/www.salvador-ingelse.nl\/wp-content\/uploads\/2013\/05\/RPP4677-600x800.jpg 600w, https:\/\/www.salvador-ingelse.nl\/wp-content\/uploads\/2013\/05\/RPP4677-150x200.jpg 150w, https:\/\/www.salvador-ingelse.nl\/wp-content\/uploads\/2013\/05\/RPP4677-300x400.jpg 300w\" sizes=\"auto, (max-width: 225px) 100vw, 225px\" \/><\/div><\/div><div class=\"wpb_text_column\"><div class=\"wpb_wrapper\"><\/div><\/div>Chris Ingelse<\/p>\n<\/div><\/div><\/div><\/div><div class=\"wpb_column vc_column_container\"><div class=\"vc_column-inner\"><div class=\"wpb_text_column\"><div class=\"wpb_wrapper\"><p><span class=\"intro2\">Dr. Chris Ingelse (1965) se volvi\u00f3 miembro del cuerpo docente y profesor de doctorado en la Universidad de Maastricht en 1992, donde obtuvo su doctorado en derechos humanos en 1999. En 1997 fue admitido como Abogado y adquiri\u00f3 experiencia en el estudio jur\u00eddico m\u00e1s grande en el lejano sur de Los Pa\u00edses Bajos. Ha estado en ejercicio de la profesi\u00f3n de forma personal a partir del a\u00f1o 2005, representando y asesorando a personas privadas y empresarios en diversas \u00e1reas (asesoramiento y litigios, contratos y estipulaciones y condiciones generales, disputas laborales). Sus \u00e9xitos incluyen haber obtenido la indemnizaci\u00f3n para v\u00edctimas de fraude de inversi\u00f3n nacional e internacional. Y aunque un acuerdo r\u00e1pido y bueno es preferible sobre un largo y costoso litigio, el Dr. Ingelse tambi\u00e9n lo puede representar a usted en el tribunal, contando con experiencia procesal desde el tribunal del distrito hasta el Tribunal Europeo.\u00a0<\/span><\/p>\n<p><span class=\"intro2\">En el registro de jurisdicciones<\/span>\u00a0del Colegio de Abogados de Paises Bajos, el Sr. Ingelse est\u00e1 registrado en las principales (y sub) \u00e1reas de pr\u00e1ctica general (incluido el derecho civil) y el derecho penal (incluido el derecho penal juvenil). Sobre la base de este registro, est\u00e1 obligado a obtener diez puntos de capacitaci\u00f3n por a\u00f1o calendario de acuerdo con los est\u00e1ndares del Colegio de Abogados de Paises Bajos en cada \u00e1rea legal registrada.<\/p>\n<p><span class=\"intro2\">El bufete de abogados<\/span>\u00a0Salvador-Ingelse <em>es<\/em> abogado Sr. Ingelse. La oficina y el nombre son el resultado de la colaboraci\u00f3n entre los abogados Sandra Salvador y Chris Ingelse. Cuando Sandra Salvador eligi\u00f3 los idiomas cl\u00e1sicos, retuvo su habitaci\u00f3n y oficina con su sabio aporte, pero termin\u00f3 su pr\u00e1ctica. Chris Ingelse continu\u00f3 la pr\u00e1ctica con el mismo nombre.<\/p>\n<p><span class=\"intro2\">Su abogado Salvador Ingelse Advocaten<\/span><\/p>\n<\/div><\/div><\/div><\/div><\/div><\/div><\/section>\n","protected":false},"excerpt":{"rendered":"[vc_raw_html]JTNDZGl2JTIwc3R5bGUlM0QlMjJmb250LXNpemUlM0ElMjAxMnB4JTIwJTIxaW1wb3J0YW50JTNCJTIwdGV4dC1hbGlnbiUzQSUyMGNlbnRlciUzQiUyMiUzRSUzQ2ElMjBocmVmJTNEJTIyJTNGbGFuZyUzRG5sJTIyJTNFTkwlM0MlMkZhJTNFJTIwJTdDJTIwJTNDYSUyMGhyZWYlM0QlMjIlMjAlM0ZsYW5nJTNEZW4lMjIlM0UlMjBFTiUyMCUzQyUyRmElM0UlN0MlMjAlM0NhJTIwaHJlZiUzRCUyMiUyMCUzRmxhbmclM0RmciUyMiUzRSUyMEZSJTIwJTNDJTJGYSUzRSUzQ2ElM0UlMjAlN0MlMjAlM0MlMkZhJTNFJTNDYSUyMGhyZWYlM0QlMjIlMjAlM0ZsYW5nJTNEZGUlMjIlM0UlMjBERSUyMCUzQyUyRmElM0UlM0NhJTNFJTdDJTIwJTNDJTJGYSUzRSUzQ2ElMjBocmVmJTNEJTIyJTIwJTNGbGFuZyUzRGVzJTIyJTNFRVNQJUMyJUEwJTNDJTJGYSUzRSUzQyUyRmRpdiUzRQ==[\/vc_raw_html]Chris Ingelse Dr. Chris Ingelse (1965) se volvi\u00f3 miembro del cuerpo docente y profesor de doctorado en la Universidad de Maastricht en 1992, donde obtuvo su doctorado en derechos humanos en 1999. En 1997 fue admitido como Abogado y adquiri\u00f3 experiencia en el estudio jur\u00eddico m\u00e1s grande en el lejano sur de Los Pa\u00edses Bajos....","protected":false},"author":1,"featured_media":0,"parent":0,"menu_order":0,"comment_status":"closed","ping_status":"closed","template":"","meta":{"footnotes":""},"class_list":["post-3296","page","type-page","status-publish","hentry"],"yoast_head":"<!-- This site is optimized with the Yoast SEO plugin v26.7 - https:\/\/yoast.com\/wordpress\/plugins\/seo\/ -->\n<title>Su abogado Salvador Ingelse Advocaten<\/title>\n<meta name=\"description\" content=\"Su abogado Salvador Ingelse Advocaten\" \/>\n<meta name=\"robots\" content=\"index, follow, max-snippet:-1, max-image-preview:large, max-video-preview:-1\" \/>\n<link rel=\"canonical\" href=\"https:\/\/www.salvador-ingelse.nl\/es\/over-ons-2\/\" \/>\n<meta property=\"og:locale\" content=\"es_ES\" \/>\n<meta property=\"og:type\" content=\"article\" \/>\n<meta property=\"og:title\" content=\"Su abogado Salvador Ingelse Advocaten\" \/>\n<meta property=\"og:description\" content=\"Su abogado Salvador Ingelse Advocaten\" \/>\n<meta property=\"og:url\" content=\"https:\/\/www.salvador-ingelse.nl\/es\/over-ons-2\/\" \/>\n<meta property=\"og:site_name\" content=\"Salvador Ingelse Advocaten\" \/>\n<meta property=\"article:modified_time\" content=\"2023-03-21T16:00:43+00:00\" \/>\n<meta name=\"twitter:label1\" content=\"Tiempo de lectura\" \/>\n\t<meta name=\"twitter:data1\" content=\"2 minutos\" \/>\n<script type=\"application\/ld+json\" class=\"yoast-schema-graph\">{\"@context\":\"https:\/\/schema.org\",\"@graph\":[{\"@type\":\"WebPage\",\"@id\":\"https:\/\/www.salvador-ingelse.nl\/es\/over-ons-2\/\",\"url\":\"https:\/\/www.salvador-ingelse.nl\/es\/over-ons-2\/\",\"name\":\"Su abogado Salvador Ingelse Advocaten\",\"isPartOf\":{\"@id\":\"https:\/\/www.salvador-ingelse.nl\/es\/#website\"},\"datePublished\":\"2014-12-22T09:53:16+00:00\",\"dateModified\":\"2023-03-21T16:00:43+00:00\",\"description\":\"Su abogado Salvador Ingelse Advocaten\",\"breadcrumb\":{\"@id\":\"https:\/\/www.salvador-ingelse.nl\/es\/over-ons-2\/#breadcrumb\"},\"inLanguage\":\"es\",\"potentialAction\":[{\"@type\":\"ReadAction\",\"target\":[\"https:\/\/www.salvador-ingelse.nl\/es\/over-ons-2\/\"]}]},{\"@type\":\"BreadcrumbList\",\"@id\":\"https:\/\/www.salvador-ingelse.nl\/es\/over-ons-2\/#breadcrumb\",\"itemListElement\":[{\"@type\":\"ListItem\",\"position\":1,\"name\":\"Portada\",\"item\":\"https:\/\/www.salvador-ingelse.nl\/es\/\"},{\"@type\":\"ListItem\",\"position\":2,\"name\":\"Su abogado\"}]},{\"@type\":\"WebSite\",\"@id\":\"https:\/\/www.salvador-ingelse.nl\/es\/#website\",\"url\":\"https:\/\/www.salvador-ingelse.nl\/es\/\",\"name\":\"Salvador Ingelse Advocaten\",\"description\":\"\",\"potentialAction\":[{\"@type\":\"SearchAction\",\"target\":{\"@type\":\"EntryPoint\",\"urlTemplate\":\"https:\/\/www.salvador-ingelse.nl\/es\/?s={search_term_string}\"},\"query-input\":{\"@type\":\"PropertyValueSpecification\",\"valueRequired\":true,\"valueName\":\"search_term_string\"}}],\"inLanguage\":\"es\"}]}<\/script>\n<!-- \/ Yoast SEO plugin. -->","yoast_head_json":{"title":"Su abogado Salvador Ingelse Advocaten","description":"Su abogado Salvador Ingelse Advocaten","robots":{"index":"index","follow":"follow","max-snippet":"max-snippet:-1","max-image-preview":"max-image-preview:large","max-video-preview":"max-video-preview:-1"},"canonical":"https:\/\/www.salvador-ingelse.nl\/es\/over-ons-2\/","og_locale":"es_ES","og_type":"article","og_title":"Su abogado Salvador Ingelse Advocaten","og_description":"Su abogado Salvador Ingelse Advocaten","og_url":"https:\/\/www.salvador-ingelse.nl\/es\/over-ons-2\/","og_site_name":"Salvador Ingelse Advocaten","article_modified_time":"2023-03-21T16:00:43+00:00","twitter_misc":{"Tiempo de lectura":"2 minutos"},"schema":{"@context":"https:\/\/schema.org","@graph":[{"@type":"WebPage","@id":"https:\/\/www.salvador-ingelse.nl\/es\/over-ons-2\/","url":"https:\/\/www.salvador-ingelse.nl\/es\/over-ons-2\/","name":"Su abogado Salvador Ingelse Advocaten","isPartOf":{"@id":"https:\/\/www.salvador-ingelse.nl\/es\/#website"},"datePublished":"2014-12-22T09:53:16+00:00","dateModified":"2023-03-21T16:00:43+00:00","description":"Su abogado Salvador Ingelse Advocaten","breadcrumb":{"@id":"https:\/\/www.salvador-ingelse.nl\/es\/over-ons-2\/#breadcrumb"},"inLanguage":"es","potentialAction":[{"@type":"ReadAction","target":["https:\/\/www.salvador-ingelse.nl\/es\/over-ons-2\/"]}]},{"@type":"BreadcrumbList","@id":"https:\/\/www.salvador-ingelse.nl\/es\/over-ons-2\/#breadcrumb","itemListElement":[{"@type":"ListItem","position":1,"name":"Portada","item":"https:\/\/www.salvador-ingelse.nl\/es\/"},{"@type":"ListItem","position":2,"name":"Su abogado"}]},{"@type":"WebSite","@id":"https:\/\/www.salvador-ingelse.nl\/es\/#website","url":"https:\/\/www.salvador-ingelse.nl\/es\/","name":"Salvador Ingelse Advocaten","description":"","potentialAction":[{"@type":"SearchAction","target":{"@type":"EntryPoint","urlTemplate":"https:\/\/www.salvador-ingelse.nl\/es\/?s={search_term_string}"},"query-input":{"@type":"PropertyValueSpecification","valueRequired":true,"valueName":"search_term_string"}}],"inLanguage":"es"}]}},"_links":{"self":[{"href":"https:\/\/www.salvador-ingelse.nl\/es\/wp-json\/wp\/v2\/pages\/3296","targetHints":{"allow":["GET"]}}],"collection":[{"href":"https:\/\/www.salvador-ingelse.nl\/es\/wp-json\/wp\/v2\/pages"}],"about":[{"href":"https:\/\/www.salvador-ingelse.nl\/es\/wp-json\/wp\/v2\/types\/page"}],"author":[{"embeddable":true,"href":"https:\/\/www.salvador-ingelse.nl\/es\/wp-json\/wp\/v2\/users\/1"}],"replies":[{"embeddable":true,"href":"https:\/\/www.salvador-ingelse.nl\/es\/wp-json\/wp\/v2\/comments?post=3296"}],"version-history":[{"count":26,"href":"https:\/\/www.salvador-ingelse.nl\/es\/wp-json\/wp\/v2\/pages\/3296\/revisions"}],"predecessor-version":[{"id":5011,"href":"https:\/\/www.salvador-ingelse.nl\/es\/wp-json\/wp\/v2\/pages\/3296\/revisions\/5011"}],"wp:attachment":[{"href":"https:\/\/www.salvador-ingelse.nl\/es\/wp-json\/wp\/v2\/media?parent=3296"}],"curies":[{"name":"wp","href":"https:\/\/api.w.org\/{rel}","templated":true}]}}