{"id":3260,"date":"2013-05-31T08:44:43","date_gmt":"2013-05-31T08:44:43","guid":{"rendered":"http:\/\/www.salvador-ingelse.nl\/sample-page-2-2\/"},"modified":"2026-01-14T16:28:04","modified_gmt":"2026-01-14T15:28:04","slug":"sample-page-2","status":"publish","type":"page","link":"https:\/\/www.salvador-ingelse.nl\/fr\/","title":{"rendered":"Home"},"content":{"rendered":"<section class=\"l-section wpb_row height_auto\"><div class=\"l-section-h i-cf\"><div class=\"g-cols vc_row via_grid cols_1 laptops-cols_inherit tablets-cols_inherit mobiles-cols_1 valign_top type_default stacking_default\"><div class=\"wpb_column vc_column_container\"><div class=\"vc_column-inner\"><div class=\"w-separator size_medium\"><\/div><div class=\"wpb_text_column us_custom_f97ddaa7\"><div class=\"wpb_wrapper\"><p><span style=\"color: #800000;\">Le cabinet d&rsquo;avocats Salvador-Ingelse <\/span><em>est<\/em> Dr Chris Ingelse, avocat, inscrit au <a href=\"https:\/\/www.advocatenorde.nl\/english\">Barreau des Pays-Bas (Nederlandse Orde van Advocaten, NOVA)*<\/a>. Le cabinet et le nom sont n\u00e9s de la collaboration entre Sandra Salvador et Chris Ingelse. Lorsque Sandra Salvador a mis fin \u00e0 son activit\u00e9, elle est rest\u00e9e associ\u00e9e \u00e0 l&rsquo;entreprise en tant que consultante.<\/p>\n<p><span style=\"color: #800000;\">L&rsquo;avocat exerce une pratique g\u00e9n\u00e9rale.<\/span>\u00a0Dans le registre des comp\u00e9tences juridiques du Barreau des Pays-Bas, il est inscrit dans les domaines de la pratique g\u00e9n\u00e9rale (y compris le droit civil) et du droit p\u00e9nal (y compris le droit p\u00e9nal des mineurs). Chris Ingelse est membre <a href=\"http:\/\/vpan.nu\/\">de l&rsquo;Association n\u00e9erlandaise des avocats des patients psychiatriques (Vereniging Psychiatrisch Pati\u00ebntenrecht Advocaten Nederland, vPAN)*<\/a>.<\/p>\n<p><span style=\"color: #800000;\">Vous pouvez obtenir une estimation<\/span>\u00a0de votre position et des co\u00fbts lors d&rsquo;un entretien sans engagement. Salvador-Ingelse peut travailler sur la base de<a href=\"http:\/\/www.rechtsbijstand.nl\/\"> l\u2019aide juridique financ\u00e9e (&lsquo;pro bono&rsquo;)*<\/a>.<\/p>\n<p><span style=\"color: #800000;\">Veuillez lire <\/span>lire la petite emprinte ci-dessous.<\/p>\n<\/div><\/div><div class=\"w-separator size_custom\" style=\"height:40px\"><\/div><div class=\"w-separator us_custom_0c9f7d7d size_custom with_line width_default thick_1 style_solid color_text align_center\" style=\"height:10px\"><div class=\"w-separator-h\"><\/div><\/div><div class=\"w-separator size_custom\" style=\"height:12px\"><\/div><div class=\"wpb_text_column us_custom_15464438\"><div class=\"wpb_wrapper\"><p><a href=\"https:\/\/www.salvador-ingelse.nl\/fr\/algemene-voorwaarden\/\">Les conditions g\u00e9n\u00e9rales<\/a>* s&rsquo;appliquent \u00e0 toutes les activit\u00e9s de l&rsquo;avocat.<\/p>\n<\/div><\/div><div class=\"w-separator size_custom\" style=\"height:12px\"><\/div><div class=\"wpb_text_column us_custom_15464438\"><div class=\"wpb_wrapper\"><p>Conform\u00e9ment \u00e0 l&rsquo;obligation l\u00e9gale, l&rsquo;avocat est assur\u00e9 de mani\u00e8re ind\u00e9pendante pour sa responsabilit\u00e9 professionnelle. La responsabilit\u00e9 de l&rsquo;avocat est \u00e0 tout moment limit\u00e9e au montant vers\u00e9 au titre de l&rsquo;assurance responsabilit\u00e9 civile dans l&rsquo;affaire concern\u00e9e, y compris le montant de la franchise.<\/p>\n<\/div><\/div><div class=\"w-separator size_custom\" style=\"height:12px\"><\/div><div class=\"wpb_text_column us_custom_15464438\"><div class=\"wpb_wrapper\"><p>En vertu de son inscription au registre des comp\u00e9tences juridiques du Barreau n\u00e9erlandais, l\u2019avocat est tenu d\u2019obtenir chaque ann\u00e9e civile dix points de formation dans chaque domaine principal inscrit, conform\u00e9ment aux normes du Barreau.<\/p>\n<\/div><\/div><div class=\"w-separator size_custom\" style=\"height:12px\"><\/div><div class=\"wpb_text_column us_custom_15464438\"><div class=\"wpb_wrapper\"><p>L&rsquo;avocat dispose d&rsquo;une <a href=\"https:\/\/www.salvador-ingelse.nl\/complaints-procedure\/?lang=en\">proc\u00e9dure de plainte<\/a>* et d&rsquo;un <a href=\"https:\/\/www.salvador-ingelse.nl\/privacy\/?lang=en\">r\u00e8glement sur la protection de la vie priv\u00e9e<\/a>*.<\/p>\n<\/div><\/div><div class=\"w-separator size_custom\" style=\"height:12px\"><\/div><div class=\"wpb_text_column us_custom_15464438\"><div class=\"wpb_wrapper\"><p>Si, en cas d&rsquo;urgence, l&rsquo;avocat n&rsquo;est pas en mesure d&rsquo;exercer ses fonctions, toutes les affaires en cours seront trait\u00e9es par Mr Wilbert de Vilder de <a href=\"https:\/\/www.keulersadvocaten.nl\/\">Keulers &amp; partners advocaten<\/a>*, Maastrichterlaan 9 \u00e0 (6191 AA) Beek, Pays-Bas.<\/p>\n<\/div><\/div><div class=\"w-separator size_custom\" style=\"height:30px\"><\/div><div class=\"w-separator us_custom_0c9f7d7d size_custom with_line width_default thick_1 style_solid color_text align_center\" style=\"height:10px\"><div class=\"w-separator-h\"><\/div><\/div><div class=\"w-separator size_custom\" style=\"height:12px\"><\/div><div class=\"wpb_text_column us_custom_15464438\"><div class=\"wpb_wrapper\"><p>* En cliquant ici, le document s&rsquo;ouvre.<\/p>\n<\/div><\/div><\/div><\/div><\/div><\/div><\/section>\n","protected":false},"excerpt":{"rendered":"Le cabinet d&rsquo;avocats Salvador-Ingelse est Dr Chris Ingelse, avocat, inscrit au Barreau des Pays-Bas (Nederlandse Orde van Advocaten, NOVA)*. Le cabinet et le nom sont n\u00e9s de la collaboration entre Sandra Salvador et Chris Ingelse. Lorsque Sandra Salvador a mis fin \u00e0 son activit\u00e9, elle est rest\u00e9e associ\u00e9e \u00e0 l&rsquo;entreprise en tant que consultante. L&rsquo;avocat...","protected":false},"author":1,"featured_media":0,"parent":0,"menu_order":0,"comment_status":"closed","ping_status":"closed","template":"","meta":{"footnotes":""},"class_list":["post-3260","page","type-page","status-publish","hentry"],"yoast_head":"<!-- This site is optimized with the Yoast SEO plugin v26.7 - https:\/\/yoast.com\/wordpress\/plugins\/seo\/ -->\n<title>Home - Salvador Ingelse Advocaten<\/title>\n<meta name=\"robots\" content=\"index, follow, max-snippet:-1, max-image-preview:large, max-video-preview:-1\" \/>\n<link rel=\"canonical\" href=\"https:\/\/www.salvador-ingelse.nl\/fr\/\" \/>\n<meta property=\"og:locale\" content=\"fr_FR\" \/>\n<meta property=\"og:type\" content=\"article\" \/>\n<meta property=\"og:title\" content=\"Home - Salvador Ingelse Advocaten\" \/>\n<meta property=\"og:url\" content=\"https:\/\/www.salvador-ingelse.nl\/fr\/\" \/>\n<meta property=\"og:site_name\" content=\"Salvador Ingelse Advocaten\" \/>\n<meta property=\"article:modified_time\" content=\"2026-01-14T15:28:04+00:00\" \/>\n<meta name=\"twitter:label1\" content=\"Dur\u00e9e de lecture estim\u00e9e\" \/>\n\t<meta name=\"twitter:data1\" content=\"2 minutes\" \/>\n<script type=\"application\/ld+json\" class=\"yoast-schema-graph\">{\"@context\":\"https:\/\/schema.org\",\"@graph\":[{\"@type\":\"WebPage\",\"@id\":\"https:\/\/www.salvador-ingelse.nl\/fr\/\",\"url\":\"https:\/\/www.salvador-ingelse.nl\/fr\/\",\"name\":\"Home - Salvador Ingelse Advocaten\",\"isPartOf\":{\"@id\":\"https:\/\/www.salvador-ingelse.nl\/fr\/#website\"},\"datePublished\":\"2013-05-31T08:44:43+00:00\",\"dateModified\":\"2026-01-14T15:28:04+00:00\",\"breadcrumb\":{\"@id\":\"https:\/\/www.salvador-ingelse.nl\/fr\/#breadcrumb\"},\"inLanguage\":\"fr-FR\",\"potentialAction\":[{\"@type\":\"ReadAction\",\"target\":[\"https:\/\/www.salvador-ingelse.nl\/fr\/\"]}]},{\"@type\":\"BreadcrumbList\",\"@id\":\"https:\/\/www.salvador-ingelse.nl\/fr\/#breadcrumb\",\"itemListElement\":[{\"@type\":\"ListItem\",\"position\":1,\"name\":\"Accueil\",\"item\":\"https:\/\/www.salvador-ingelse.nl\/fr\/\"},{\"@type\":\"ListItem\",\"position\":2,\"name\":\"Home\"}]},{\"@type\":\"WebSite\",\"@id\":\"https:\/\/www.salvador-ingelse.nl\/fr\/#website\",\"url\":\"https:\/\/www.salvador-ingelse.nl\/fr\/\",\"name\":\"Salvador Ingelse Advocaten\",\"description\":\"\",\"potentialAction\":[{\"@type\":\"SearchAction\",\"target\":{\"@type\":\"EntryPoint\",\"urlTemplate\":\"https:\/\/www.salvador-ingelse.nl\/fr\/?s={search_term_string}\"},\"query-input\":{\"@type\":\"PropertyValueSpecification\",\"valueRequired\":true,\"valueName\":\"search_term_string\"}}],\"inLanguage\":\"fr-FR\"}]}<\/script>\n<!-- \/ Yoast SEO plugin. -->","yoast_head_json":{"title":"Home - Salvador Ingelse Advocaten","robots":{"index":"index","follow":"follow","max-snippet":"max-snippet:-1","max-image-preview":"max-image-preview:large","max-video-preview":"max-video-preview:-1"},"canonical":"https:\/\/www.salvador-ingelse.nl\/fr\/","og_locale":"fr_FR","og_type":"article","og_title":"Home - Salvador Ingelse Advocaten","og_url":"https:\/\/www.salvador-ingelse.nl\/fr\/","og_site_name":"Salvador Ingelse Advocaten","article_modified_time":"2026-01-14T15:28:04+00:00","twitter_misc":{"Dur\u00e9e de lecture estim\u00e9e":"2 minutes"},"schema":{"@context":"https:\/\/schema.org","@graph":[{"@type":"WebPage","@id":"https:\/\/www.salvador-ingelse.nl\/fr\/","url":"https:\/\/www.salvador-ingelse.nl\/fr\/","name":"Home - Salvador Ingelse Advocaten","isPartOf":{"@id":"https:\/\/www.salvador-ingelse.nl\/fr\/#website"},"datePublished":"2013-05-31T08:44:43+00:00","dateModified":"2026-01-14T15:28:04+00:00","breadcrumb":{"@id":"https:\/\/www.salvador-ingelse.nl\/fr\/#breadcrumb"},"inLanguage":"fr-FR","potentialAction":[{"@type":"ReadAction","target":["https:\/\/www.salvador-ingelse.nl\/fr\/"]}]},{"@type":"BreadcrumbList","@id":"https:\/\/www.salvador-ingelse.nl\/fr\/#breadcrumb","itemListElement":[{"@type":"ListItem","position":1,"name":"Accueil","item":"https:\/\/www.salvador-ingelse.nl\/fr\/"},{"@type":"ListItem","position":2,"name":"Home"}]},{"@type":"WebSite","@id":"https:\/\/www.salvador-ingelse.nl\/fr\/#website","url":"https:\/\/www.salvador-ingelse.nl\/fr\/","name":"Salvador Ingelse Advocaten","description":"","potentialAction":[{"@type":"SearchAction","target":{"@type":"EntryPoint","urlTemplate":"https:\/\/www.salvador-ingelse.nl\/fr\/?s={search_term_string}"},"query-input":{"@type":"PropertyValueSpecification","valueRequired":true,"valueName":"search_term_string"}}],"inLanguage":"fr-FR"}]}},"_links":{"self":[{"href":"https:\/\/www.salvador-ingelse.nl\/fr\/wp-json\/wp\/v2\/pages\/3260","targetHints":{"allow":["GET"]}}],"collection":[{"href":"https:\/\/www.salvador-ingelse.nl\/fr\/wp-json\/wp\/v2\/pages"}],"about":[{"href":"https:\/\/www.salvador-ingelse.nl\/fr\/wp-json\/wp\/v2\/types\/page"}],"author":[{"embeddable":true,"href":"https:\/\/www.salvador-ingelse.nl\/fr\/wp-json\/wp\/v2\/users\/1"}],"replies":[{"embeddable":true,"href":"https:\/\/www.salvador-ingelse.nl\/fr\/wp-json\/wp\/v2\/comments?post=3260"}],"version-history":[{"count":32,"href":"https:\/\/www.salvador-ingelse.nl\/fr\/wp-json\/wp\/v2\/pages\/3260\/revisions"}],"predecessor-version":[{"id":4918,"href":"https:\/\/www.salvador-ingelse.nl\/fr\/wp-json\/wp\/v2\/pages\/3260\/revisions\/4918"}],"wp:attachment":[{"href":"https:\/\/www.salvador-ingelse.nl\/fr\/wp-json\/wp\/v2\/media?parent=3260"}],"curies":[{"name":"wp","href":"https:\/\/api.w.org\/{rel}","templated":true}]}}