{"id":3279,"date":"2013-05-31T12:06:54","date_gmt":"2013-05-31T12:06:54","guid":{"rendered":"http:\/\/www.salvador-ingelse.nl\/onze-werkwijze-2\/"},"modified":"2023-03-21T16:56:05","modified_gmt":"2023-03-21T15:56:05","slug":"onze-werkwijze","status":"publish","type":"page","link":"https:\/\/www.salvador-ingelse.nl\/fr\/onze-werkwijze\/","title":{"rendered":"M\u00e9thode de travail"},"content":{"rendered":"<section class=\"l-section wpb_row height_small\"><div class=\"l-section-h i-cf\"><div class=\"g-cols vc_row via_grid cols_1 laptops-cols_inherit tablets-cols_inherit mobiles-cols_1 valign_top type_default stacking_default\"><div class=\"wpb_column vc_column_container\"><div class=\"vc_column-inner\"><div class=\"wpb_text_column\"><div class=\"wpb_wrapper\"><div style=\"font-size: 12px !important; text-align: center;\"><a href=\"?lang=nl\">NL <\/a>| <a href=\" ?lang=en\"> EN <\/a>| <a href=\" ?lang=fr\"> FR <\/a><a> | <\/a><a href=\" ?lang=de\"> DE <\/a><a>| <\/a><a href=\" ?lang=es\">ESP\u00a0<\/a><\/div>\n<div style=\"font-size: 119%; {font-family: \u201dTrebuchet MS\u201d};\"><\/div>\n<\/div><\/div><\/div><\/div><\/div><\/div><\/section><section class=\"l-section wpb_row height_auto\"><div class=\"l-section-h i-cf\"><div class=\"g-cols vc_row via_grid cols_1 laptops-cols_inherit tablets-cols_inherit mobiles-cols_1 valign_top type_default stacking_default\"><div class=\"wpb_column vc_column_container\"><div class=\"vc_column-inner\"><div class=\"wpb_text_column\"><div class=\"wpb_wrapper\"><p><span style=\"color: #800000;\">Notre m\u00e9thode de travail<\/span> est simple, rapide et efficace. Vous nous contactez par t\u00e9l\u00e9phone ou email et vous serez en contact direct avec un avocat. Durant une consultation d\u2019introduction non contractuelle, nous proc\u00e9derons \u00e0 une \u00e9valuation initiale de votre affaire et vous communiquerons un aper\u00e7u sur les couts<\/p>\n<p><span style=\"color: #800000;\">En consentement mutuel<\/span> avec vous, il sera d\u00e9termin\u00e9 s\u2019il serait utile de r\u00e9soudre l\u2019affaire par le biais d\u2019un processus l\u00e9gal. Dans le cas de conflits, nous essayons dans un premier temps d\u2019atteindre un r\u00e9sultat satisfaisant \u00e0 travers la consultation et la n\u00e9gociation. Dans le cas ou ces derniers ne sont pas concluants, nous \u00e9valuons si le recours \u00e0 la justice pourrait achever ce r\u00e9sultat. Parfois, nous vous confions \u00e0 un autre expert.<\/p>\n<p><span style=\"color: #800000;\">Vos couts<\/span> peuvent \u00e0 ce moment \u00eatre conserv\u00e9s, aussi longtemps qu\u2019une action rapide sera entreprise. Mais aussi, parce que nous nous assurons toujours si vous avez droit \u00e0 l\u2019aide juridique financ\u00e9e par le gouvernement. Si c\u2019est le cas, vous nous ne payez rien, ou au plus, une contribution qui est d\u00e9termin\u00e9e par le Conseil de l\u2019Aide Juridique (\u2018Raad voor Rechtsbijstand\u2019). Nous aidons un grand nombre de client dans ce sens. Vous pouvez v\u00e9rifier aupr\u00e8s du site web du Conseil de l\u2019Aide Juridique si vous \u00eates admissible \u00e0 l&rsquo;aide juridique financ\u00e9e.<\/p>\n<p><span style=\"color: #800000;\">Dans le cas \u00e9ch\u00e9ant<\/span>, nous travaillons pour vous sur la base d\u2019un tarif horaire. Grace \u00e0 notre taille modeste, les couts sont bas et le tarif horaire est par cons\u00e9quent tr\u00e8s comp\u00e9titif. Dans certaines limites, ce dernier pourrait \u00eatre ajust\u00e9 selon vos possibilit\u00e9s et l\u2019urgence, l\u2019importance et la nature du cas.<\/p>\n<p><span style=\"color: #800000;\">Chris Ingelse<\/span> travaille r\u00e9guli\u00e8rement avec <a href=\"http:\/\/www.mmrecht.com\">Murk Muller<\/a>. Murk Muller accepte les cas en de droit des soci\u00e9t\u00e9s, droit des transports et droit civil. Il est \u00e9galement avocat (<i>Rechtsanwalt<\/i>) en Allemagne.<\/p>\n<p><span style=\"color: #800000;\">Merci d\u2019essayer<\/span> nos services en appelant ou en nous envoyant votre question par <span style=\"color: #800000;\"><a class=\"intro\" style=\"color: #800000;\" href=\"mailto:info@salvador-ingelse.nl\">e-mail<\/a><span style=\"color: #000000;\">.<br \/>\n<\/span><\/span><\/p>\n<\/div><\/div><\/div><\/div><\/div><\/div><\/section><section class=\"l-section wpb_row height_medium\"><div class=\"l-section-h i-cf\"><div class=\"g-cols vc_row via_grid cols_1 laptops-cols_inherit tablets-cols_inherit mobiles-cols_1 valign_top type_default stacking_default\"><div class=\"wpb_column vc_column_container\"><div class=\"vc_column-inner\"><div class=\"wpb_text_column\"><div class=\"wpb_wrapper\"><\/div><\/div><\/div><\/div><\/div><\/div><\/section>\n","protected":false},"excerpt":{"rendered":"NL | EN | FR | DE | ESP\u00a0 Notre m\u00e9thode de travail est simple, rapide et efficace. Vous nous contactez par t\u00e9l\u00e9phone ou email et vous serez en contact direct avec un avocat. Durant une consultation d\u2019introduction non contractuelle, nous proc\u00e9derons \u00e0 une \u00e9valuation initiale de votre affaire et vous communiquerons un aper\u00e7u sur...","protected":false},"author":1,"featured_media":0,"parent":0,"menu_order":0,"comment_status":"closed","ping_status":"closed","template":"","meta":{"footnotes":""},"class_list":["post-3279","page","type-page","status-publish","hentry"],"yoast_head":"<!-- This site is optimized with the Yoast SEO plugin v26.7 - https:\/\/yoast.com\/wordpress\/plugins\/seo\/ -->\n<title>M\u00e9thode de travail - Salvador Ingelse Advocaten<\/title>\n<meta name=\"robots\" content=\"index, follow, max-snippet:-1, max-image-preview:large, max-video-preview:-1\" \/>\n<link rel=\"canonical\" href=\"https:\/\/www.salvador-ingelse.nl\/fr\/onze-werkwijze\/\" \/>\n<meta property=\"og:locale\" content=\"fr_FR\" \/>\n<meta property=\"og:type\" content=\"article\" \/>\n<meta property=\"og:title\" content=\"M\u00e9thode de travail - Salvador Ingelse Advocaten\" \/>\n<meta property=\"og:url\" content=\"https:\/\/www.salvador-ingelse.nl\/fr\/onze-werkwijze\/\" \/>\n<meta property=\"og:site_name\" content=\"Salvador Ingelse Advocaten\" \/>\n<meta property=\"article:modified_time\" content=\"2023-03-21T15:56:05+00:00\" \/>\n<meta name=\"twitter:label1\" content=\"Dur\u00e9e de lecture estim\u00e9e\" \/>\n\t<meta name=\"twitter:data1\" content=\"2 minutes\" \/>\n<script type=\"application\/ld+json\" class=\"yoast-schema-graph\">{\"@context\":\"https:\/\/schema.org\",\"@graph\":[{\"@type\":\"WebPage\",\"@id\":\"https:\/\/www.salvador-ingelse.nl\/fr\/onze-werkwijze\/\",\"url\":\"https:\/\/www.salvador-ingelse.nl\/fr\/onze-werkwijze\/\",\"name\":\"M\u00e9thode de travail - Salvador Ingelse Advocaten\",\"isPartOf\":{\"@id\":\"https:\/\/www.salvador-ingelse.nl\/fr\/#website\"},\"datePublished\":\"2013-05-31T12:06:54+00:00\",\"dateModified\":\"2023-03-21T15:56:05+00:00\",\"breadcrumb\":{\"@id\":\"https:\/\/www.salvador-ingelse.nl\/fr\/onze-werkwijze\/#breadcrumb\"},\"inLanguage\":\"fr-FR\",\"potentialAction\":[{\"@type\":\"ReadAction\",\"target\":[\"https:\/\/www.salvador-ingelse.nl\/fr\/onze-werkwijze\/\"]}]},{\"@type\":\"BreadcrumbList\",\"@id\":\"https:\/\/www.salvador-ingelse.nl\/fr\/onze-werkwijze\/#breadcrumb\",\"itemListElement\":[{\"@type\":\"ListItem\",\"position\":1,\"name\":\"Accueil\",\"item\":\"https:\/\/www.salvador-ingelse.nl\/fr\/\"},{\"@type\":\"ListItem\",\"position\":2,\"name\":\"M\u00e9thode de travail\"}]},{\"@type\":\"WebSite\",\"@id\":\"https:\/\/www.salvador-ingelse.nl\/fr\/#website\",\"url\":\"https:\/\/www.salvador-ingelse.nl\/fr\/\",\"name\":\"Salvador Ingelse Advocaten\",\"description\":\"\",\"potentialAction\":[{\"@type\":\"SearchAction\",\"target\":{\"@type\":\"EntryPoint\",\"urlTemplate\":\"https:\/\/www.salvador-ingelse.nl\/fr\/?s={search_term_string}\"},\"query-input\":{\"@type\":\"PropertyValueSpecification\",\"valueRequired\":true,\"valueName\":\"search_term_string\"}}],\"inLanguage\":\"fr-FR\"}]}<\/script>\n<!-- \/ Yoast SEO plugin. -->","yoast_head_json":{"title":"M\u00e9thode de travail - Salvador Ingelse Advocaten","robots":{"index":"index","follow":"follow","max-snippet":"max-snippet:-1","max-image-preview":"max-image-preview:large","max-video-preview":"max-video-preview:-1"},"canonical":"https:\/\/www.salvador-ingelse.nl\/fr\/onze-werkwijze\/","og_locale":"fr_FR","og_type":"article","og_title":"M\u00e9thode de travail - Salvador Ingelse Advocaten","og_url":"https:\/\/www.salvador-ingelse.nl\/fr\/onze-werkwijze\/","og_site_name":"Salvador Ingelse Advocaten","article_modified_time":"2023-03-21T15:56:05+00:00","twitter_misc":{"Dur\u00e9e de lecture estim\u00e9e":"2 minutes"},"schema":{"@context":"https:\/\/schema.org","@graph":[{"@type":"WebPage","@id":"https:\/\/www.salvador-ingelse.nl\/fr\/onze-werkwijze\/","url":"https:\/\/www.salvador-ingelse.nl\/fr\/onze-werkwijze\/","name":"M\u00e9thode de travail - Salvador Ingelse Advocaten","isPartOf":{"@id":"https:\/\/www.salvador-ingelse.nl\/fr\/#website"},"datePublished":"2013-05-31T12:06:54+00:00","dateModified":"2023-03-21T15:56:05+00:00","breadcrumb":{"@id":"https:\/\/www.salvador-ingelse.nl\/fr\/onze-werkwijze\/#breadcrumb"},"inLanguage":"fr-FR","potentialAction":[{"@type":"ReadAction","target":["https:\/\/www.salvador-ingelse.nl\/fr\/onze-werkwijze\/"]}]},{"@type":"BreadcrumbList","@id":"https:\/\/www.salvador-ingelse.nl\/fr\/onze-werkwijze\/#breadcrumb","itemListElement":[{"@type":"ListItem","position":1,"name":"Accueil","item":"https:\/\/www.salvador-ingelse.nl\/fr\/"},{"@type":"ListItem","position":2,"name":"M\u00e9thode de travail"}]},{"@type":"WebSite","@id":"https:\/\/www.salvador-ingelse.nl\/fr\/#website","url":"https:\/\/www.salvador-ingelse.nl\/fr\/","name":"Salvador Ingelse Advocaten","description":"","potentialAction":[{"@type":"SearchAction","target":{"@type":"EntryPoint","urlTemplate":"https:\/\/www.salvador-ingelse.nl\/fr\/?s={search_term_string}"},"query-input":{"@type":"PropertyValueSpecification","valueRequired":true,"valueName":"search_term_string"}}],"inLanguage":"fr-FR"}]}},"_links":{"self":[{"href":"https:\/\/www.salvador-ingelse.nl\/fr\/wp-json\/wp\/v2\/pages\/3279","targetHints":{"allow":["GET"]}}],"collection":[{"href":"https:\/\/www.salvador-ingelse.nl\/fr\/wp-json\/wp\/v2\/pages"}],"about":[{"href":"https:\/\/www.salvador-ingelse.nl\/fr\/wp-json\/wp\/v2\/types\/page"}],"author":[{"embeddable":true,"href":"https:\/\/www.salvador-ingelse.nl\/fr\/wp-json\/wp\/v2\/users\/1"}],"replies":[{"embeddable":true,"href":"https:\/\/www.salvador-ingelse.nl\/fr\/wp-json\/wp\/v2\/comments?post=3279"}],"version-history":[{"count":17,"href":"https:\/\/www.salvador-ingelse.nl\/fr\/wp-json\/wp\/v2\/pages\/3279\/revisions"}],"predecessor-version":[{"id":5004,"href":"https:\/\/www.salvador-ingelse.nl\/fr\/wp-json\/wp\/v2\/pages\/3279\/revisions\/5004"}],"wp:attachment":[{"href":"https:\/\/www.salvador-ingelse.nl\/fr\/wp-json\/wp\/v2\/media?parent=3279"}],"curies":[{"name":"wp","href":"https:\/\/api.w.org\/{rel}","templated":true}]}}