{"id":4282,"date":"2018-07-18T09:21:59","date_gmt":"2018-07-18T08:21:59","guid":{"rendered":"http:\/\/www.salvador-ingelse.nl\/?page_id=4282"},"modified":"2018-07-18T09:21:59","modified_gmt":"2018-07-18T08:21:59","slug":"algemene-voorwaarden","status":"publish","type":"page","link":"https:\/\/www.salvador-ingelse.nl\/fr\/algemene-voorwaarden\/","title":{"rendered":"Algemene voorwaarden"},"content":{"rendered":"<section class=\"l-section wpb_row height_medium\"><div class=\"l-section-h i-cf\"><div class=\"g-cols vc_row via_grid cols_1 laptops-cols_inherit tablets-cols_inherit mobiles-cols_1 valign_top type_default stacking_default\"><div class=\"wpb_column vc_column_container\"><div class=\"vc_column-inner\"><div class=\"wpb_text_column\"><div class=\"wpb_wrapper\"><div style=\"font-size: 12px !important; text-align: center;\"><a href=\" ?lang=nl\">NL <\/a>| <a href=\" ?lang=en\"> EN <\/a>| <a href=\" ?lang=fr\"> FR <\/a><a> | <\/a><a href=\" ?lang=de\"> DE <\/a><a>| <\/a><a href=\" ?lang=es\">ESP <\/a><\/div>\n<p><strong>Algemene voorwaarden Salvador-Ingelse<\/strong><\/p>\n<p><strong>1. Identiteit van de advocaat en cli\u00ebnt<\/strong><br \/>\n1.1 De advocaat, mr. Chris Ingelse (hierna te noemen: \u201cSalvador-Ingelse\u201d) is aangesloten bij de Nederlandse Orde van Advocaten, gevestigd aan de Neuhuyskade 94 te (2596 XM) Den Haag en werkt voor u (hierna te noemen: \u201ccli\u00ebnt\u201d) onder de naam Salvador-Ingelse. Salvador-Ingelse is geregistreerd bij de Kamer van Koophandel met het nummer 14114890.<br \/>\n1.2 Cli\u00ebnt zal zich op eerste verzoek van Salvador-Ingelse deugdelijk legitimeren.<\/p>\n<p><strong>2. Werkzaamheden<\/strong><br \/>\n2.1 Salvador-Ingelse verbindt zich iedere opdracht naar beste vermogen, inzet en kennis en met de nodige voortvarendheid te behandelen. Salvador-Ingelse verbindt zich om cli\u00ebnt regelmatig op de hoogte te houden van de ontwikkelingen in de behandeling van de opdracht. Salvador-Ingelse geeft geen kansinschatting en ook geen garanties over de uitkomst van de zaak.<br \/>\n2.2 Alle opdrachten worden, met terzijdestelling van artikelen 7:404, 7:409 en 7:422 lid 1 onder b BW uitsluitend aanvaard en uitgevoerd door Salvador-Ingelse. De toepasselijkheid van artikel 7:404 BW, dat voor het laatstgenoemde geval een regeling geeft, en van artikel 7:407 lid 2 BW, dat een hoofdelijke aansprakelijkheid vestigt voor de gevallen waarin aan twee of meer personen een opdracht wordt gegeven, wordt uitdrukkelijk uitgesloten.<br \/>\n2.3 Cli\u00ebnt zal alle gegevens en bescheiden, die Salvador-Ingelse nodig heeft voor het uitvoeren van de opdracht, tijdig en in de gewenste vorm en op de gewenste wijze ter beschikking van Salvador-Ingelse stellen. Eventuele schade, extra kosten en extra honorarium als gevolg van de vertraging in de uitvoering van de opdracht ontstaan door het niet, niet tijdig of niet behoorlijk aanleveren van de verlangde gegevens en\/of bescheiden komt voor rekening van cli\u00ebnt.<\/p>\n<p><strong>3. Derden<\/strong><br \/>\n3.1 Salvador-Ingelse kan zich laten bijstaan en vertegenwoordigen door derden. Voor zover ten behoeve van de dienstverlening de inschakeling van een derde nodig is, zal daarover zo mogelijk met cli\u00ebnt overleg worden gevoerd. Cli\u00ebnt accepteert dat Salvador-Ingelse niet aansprakelijk is voor tekortkomingen van deze derde(n).<\/p>\n<p><strong>4. Beroepsaansprakelijkheid<\/strong><br \/>\n4.1 Salvador-Ingelse is voor beroepsaansprakelijkheid verzekerd overeenkomstig de door de Nederlandse Orde van Advocaten vastgestelde Verordening op de Beroepsaansprakelijkheid. Salvador-Ingelse is verzekerd bij <a href=\"http:\/\/www.aon.com\/netherlands\/\">AON Risk Solutions<\/a> | Professional Services (Aon Nederland, KvK: 24061634), gevestigd aan de Admiraliteitskade 62 te (3063 ED) Rotterdam.<br \/>\n4.2 Iedere aansprakelijkheid van Salvador-Ingelse is beperkt tot het bedrag dat in het desbetreffende geval door de beroepsaansprakelijkheidsverzekeraar van Salvador-Ingelse wordt uitbetaald, vermeerderd met het eigen risico dat volgens de voorwaarden van de polis niet ten laste van verzekeraar is. Indien en voor zover, om welke reden dan ook, geen betaling plaatsvindt uit hoofde van de aansprakelijkheidsverzekering, is de aansprakelijkheid beperkt tot maximaal het bedrag van de declaratie(s) in de desbetreffende zaak, met een maximum van \u20ac 5.000.<br \/>\n4.3 Onverminderd het bepaalde in artikel 6:89 BW vervalt een aanspraak tot schadevergoeding in ieder geval indien Salvador-Ingelse daarvan niet schriftelijk in kennis is gesteld binnen zes maanden nadat cli\u00ebnt bekend raakte of redelijkerwijze bekend kon zijn met de gebeurtenis of het nalaten waarop hij\/zij de aanspraak baseert en\/of waaruit de schade voortvloeit.<br \/>\n4.4 Iedere aansprakelijkheid vervalt in ieder geval vijf jaar na de dag nadat de zaak tot een einde is gekomen, kenbaar uit de brief ter archivering en\/of de slotdeclaratie.<br \/>\n4.5 Salvador-Ingelse aanvaardt geen aansprakelijkheid voor schade doordat derden onbevoegd toegang krijgen tot cli\u00ebntgegevens, waaronder elektronische gegevens, waaronder persoonsgegevens in de ruimste zin des woords, opgeslagen bij Salvador-Ingelse of bij door Salvador-Ingelse ingeschakelde derden in verband met de uitvoering van de praktijk, behalve voor zover sprake is van opzet of bewuste roekeloosheid. Mocht desalniettemin Salvador-Ingelse aansprakelijk zijn, dan is die aansprakelijkheid beperkt conform de leden 2, 3 en 4 van deze bepaling.<\/p>\n<p><strong>5. Geschillen<\/strong><br \/>\n5.1 Salvador-Ingelse verwijst naar de interne klachtencommissie als er een geschil ontstaat tussen Salvador-Ingelse en cli\u00ebnt. Tevens is Salvador Ingelse Advocaten aangesloten bij de <a href=\"https:\/\/www.degeschillencommissie.nl\/over-ons\/commissies\/advocatuur\/\">Geschillencommissie Advocatuur<\/a>.<br \/>\n5.2 De rechtbank Limburg, locatie Maastricht, is bevoegd om te beslissen over eventuele geschillen tussen Salvador-Ingelse en cli\u00ebnt en\/of een derde die niet in overeenstemming van lid \u00e9\u00e9n zijn opgelost.<\/p>\n<p><strong>6. Toepasselijk recht<\/strong><br \/>\nDe overeenkomst tussen cli\u00ebnt en Salvador-Ingelse wordt beheerst door Nederlands recht.<\/p>\n<p><strong>7. Gedragsregels<\/strong><br \/>\nSalvador-Ingelse is gebonden aan de gedragsregels en verordeningen van de Nederlandse Orde van Advocaten. Deze regelgeving is te vinden op <a href=\"http:\/\/www.advocatenorde.nl\/wetenregelgeving\/vademecum.asp\">Orde van Advocaten<\/a>.<\/p>\n<p><strong>8. Gesubsidieerde rechtshulp<\/strong><br \/>\nIndien mogelijk geeft Salvador-Ingelse juridische bijstand op basis van een zogenaamde \u2018toevoeging\u2019 op basis van de Wet op de rechtsbijstand. Een recht op toevoeging is afhankelijk van inkomen en vermogen (zie op www.rechtsbijstand.nl). Salvador-Ingelse kan zo\u2019n toevoeging aanvragen bij de <a href=\"http:\/\/www.rechtsbijstand.nl\/\">Raad voor Rechtsbijstand<\/a>. Wanneer de Raad voor Rechtsbijstand Salvador-Ingelse \u2018toevoegt\u2019, dan kan er op die basis gewerkt worden en betaalt de Raad voor Rechtsbijstand voor een (groot) deel de kosten van Salvador-Ingelse. Omdat de Raad voor Rechtsbijstand alleen een toevoeging verstrekt wanneer het inkomen en vermogen onder een bepaalde drempel ligt, controleert de Raad voor Rechtsbijstand daarop. Cli\u00ebnt moet in dat verband weten dat:<br \/>\nde Belastingdienst (op verzoek van de Raad voor Rechtsbijstand) met behulp van de bsn van cli\u00ebnt gegevens over inkomen en vermogen aan de Raad verstrekt (en &#8211; indien van toepassing &#8211; ook van de partner);<br \/>\nde Raad voor Rechtsbijstand bij de gemeente van inschrijving persoonsgegevens en het bsn controleert (en &#8211; indien van toepassing &#8211; ook van de partner);<br \/>\nde (verstrekte) gegevens worden opgenomen in de administratie van de Raad voor Rechtsbijstand;<br \/>\nhet verstrekken van onjuiste gegevens of het verzwijgen van gegevens kan leiden tot weigering of intrekking van de toevoeging en strafvervolging;<br \/>\neen verstrekte toevoeging altijd voorlopig is;<br \/>\nde Raad voor Rechtsbijstand een hercontrole van het inkomen en vermogen kan uitvoeren en \u2013 als blijkt dat het inkomen en\/of vermogen hoger is \u2013 het dan mogelijk is dat cli\u00ebnt toch geen, of minder recht had op gefinancierde rechtshulp en cli\u00ebnt alsnog meer zelf moet betalen;<br \/>\neen toevoeging is voorlopig en kan met terugwerkende kracht worden ingetrokken als door de rechtsbijstand een bepaald financieel resultaat wordt behaald (geldt niet in strafzaken) en\/of achteraf blijkt dat er geen recht op een toevoeging bestond. Het is mogelijk dat cli\u00ebnt dan alsnog de rechtsbijstandskosten moet betalen;<br \/>\nook als een toevoeging is verstrekt moet cli\u00ebnt rekening houden met een verschuldigde wettelijk &lsquo;eigen bijdrage&rsquo;, te voldoen aan Salvador-Ingelse. De hoogte daarvan varieert bij een reguliere toevoeging van \u20ac 196 tot \u20ac 823, afhankelijk van de hoogte van het inkomen van cli\u00ebnt.<br \/>\ncli\u00ebnt een korting van \u20ac 53 op de eigen bijdrage kan krijgen als de cli\u00ebnt <a href=\"https:\/\/www.juridischloket.nl\/\">Het Juridisch Loket<\/a> eerst (T 0900 8020) de rechtsvraag voorlegt en cli\u00ebnt zich dan door het Juridisch Loket laat verwijzen naar Salvador-Ingelse.<br \/>\nals Salvador-Ingelse m\u00e9\u00e9r uren nodig heeft dan de Raad voor de behandeling van een zaak als standaard begroot, kan Salvador-Ingelse voor vergoeding van die m\u00e9\u00e9r uren een aanvraag doen bij de Raad voor Rechtsbijstand. Als de Raad die aanvraag toewijst kan er bij cli\u00ebnt opnieuw de eigen bijdrage (zonder korting in dit geval) in rekening worden gebracht.<br \/>\ncli\u00ebnt voor de kosten van de eigen bijdrage (en overige juridische kosten, zoals griffierechten) vaak een aanvraag voor bijzondere bijstand bij de gemeente kan doen;<\/p>\n<p><strong>9. Uurtarief<\/strong><br \/>\nIndien geen toevoeging wordt verleend brengt Salvador-Ingelse het uurtarief van \u20ac 145 (excl. btw) aan particulieren en \u20ac 185 (excl. btw) aan bedrijven en overheden in rekening. Werkzaamheden worden periodiek en overeenkomstig het uurtarief of gemaakte tariefafspraak worden maandelijks in rekening gebracht.<\/p>\n<p><strong>10. Rechtsbijstandsverzekering<\/strong><br \/>\nAdvocatenkosten, deurwaarderskosten, griffierechten en andere uitgaven voor rechtshulp ten behoeve van de cli\u00ebnt worden misschien gedekt door een rechtsbijstandsverzekering van de cli\u00ebnt. Salvador-Ingelse adviseert de cli\u00ebnt zo snel mogelijk daarover uitsluitsel te krijgen van een rechtsbijstandsverzekeraar, indien van toepassing. Het niet tijdig inschakelen van de rechtsbijstandsverzekeraar kan er soms toe leiden dat de rechtsbijstandsverzekeraar geen dekking biedt.<\/p>\n<p><strong>11. Betaling en verzuim<\/strong><br \/>\nBetalingen van declaraties van Salvador-Ingelse dienen te geschieden binnen zeven dagen na factuurdatum door overschrijving van het verschuldigde bedrag naar NL55 TRIO 0198 5495 12 t.n.v. Salvador-Ingelse in Maastricht. Na het verstrijken van de betalingstermijn is cli\u00ebnt van rechtswege in verzuim en is een vertragingsrente, gelijk aan de wettelijke rente, verschuldigd op grond van artikel 6:119 BW, of bij een handelsovereenkomst, op grond van artikel 6:119a BW.<\/p>\n<p><strong>12. Kosten van derden<\/strong><br \/>\nEventuele deurwaarderskosten (bijvoorbeeld voor betekening van een dagvaarding of een beslag) en griffierechten (voor een procedure bij de rechtbank) worden aan cli\u00ebnt doorberekend. Salvador-Ingelse zal pas een deurwaarder inschakelen of een procedure instellen als de griffierechten op voorhand zijn voldaan.<\/p>\n<p><strong>13. Voorschot<\/strong><br \/>\nSalvador-Ingelse zal met de werkzaamheden, beginnen dan wel deze voortzetten, nadat er een voorschot is betaald door cli\u00ebnt. Het voorschot strekt tot zekerheid van de financi\u00eble verplichtingen jegens Salvador-Ingelse. Cli\u00ebnt krijgt de voorschot bij be\u00ebindiging van de opdracht terug, mogelijk na verrekening: Salvador-Ingelse heeft het recht het voorschot te verrekenen met openstaande facturen.<\/p>\n<p><strong>14. Proceskosten<\/strong><br \/>\nCli\u00ebnt moet er rekening mee houden dat, indien een procedure nodig is, daar kosten aan verbonden zijn en dat kosten \u2013 hoewel wederpartij daarin kan worden veroordeeld \u2013 vaak niet geheel worden vergoed. Succes is niet gegarandeerd, hoger beroep is mogelijk en bij een eventueel verlies kan cli\u00ebnt veroordeeld worden in de proceskosten. Zie voor de hoogte van de griffierechten: <a href=\"http:\/\/www.rechtspraak.nl\/Procedures\/Tarieven-griffierecht\/Pages\/Griffierecht-bij-de-rechtbank.aspx\">Rechtspraak<\/a>. Zie voor de hoogte van een eventuele proceskostenveroordeling in civiele zaken: <a href=\"http:\/\/www.rechtspraak.nl\/Procedures\/Landelijke-regelingen\/Sector-civiel-recht\/Pages\/Liquidatietarief-rechtbanken-en-gerechtshoven.aspx\">Rechtspraak<\/a>.<\/p>\n<p><strong>15. Derdengeldenrekening<\/strong><br \/>\nGelden die Salvador-Ingelse ten behoeve van cli\u00ebnt incasseert, worden beheerd op bankrekeningnummer NL61 TRIO 0784 8403 93 van onze Stichting Derdengelden. Cli\u00ebnt gaat er mee akkoord dat eventuele ten behoeve van cli\u00ebnt te ontvangen bedragen op de Stichting Beheer Derdengelden worden aangewend voor de betaling van nog openstaande facturen voor de werkzaamheden van Salvador-Ingelse of voor kosten van de voor cli\u00ebnt ingeschakelde derden.<\/p>\n<p><strong>16. Vertrouwelijkheid, gegevens en veiligheid van communicatie<\/strong><br \/>\n16.1 Voor zover nodig staat cli\u00ebnt het gebruik van persoonsgegeven in de ruimste zin des woords (waaronder, indien van toepassing, medische gegevens en strafrechtelijke gegevens) aan Salvador-Ingelse toe, voor zover dat noodzakelijk is voor de uitvoering van de opdracht, ter uitvoering van een wettelijke verplichting, zoals tot rechtsbijstand aan cli\u00ebnt, voor het dienen van een gerechtvaardigd belang van cli\u00ebnt en\/of voor het aanvragen\/declareren van een toevoeging. Een dergelijk gebruik houdt ook in de verstrekking aan derden, indien passend voor de goede uitvoering van voornoemde taken.<br \/>\n16.2 Salvador-Ingelse kan e-mail versleuteld en voorzien van digitale handtekening naar cli\u00ebnt versturen, als het systeem van cli\u00ebnt daarvoor passend is ingericht en cli\u00ebnt dat verzoekt. Salvador-Ingelse kan niet garanderen dat communicatie via telefoon, reguliere post, e-mail en anderszins, ook al is het versleuteld en van digitale handtekening voorzien, vertrouwelijk, volledig en niet beschadigd is. Aansprakelijkheid voor schade in verband met de langs deze weg verzonden of verstrekte gegevens en\/of documenten wordt niet aanvaard. Indien desalniettemin aansprakelijkheid van Salvador-Ingelse zou komen vast te staan, dan is die aansprakelijkheid conform artikel 4 beperkt.<br \/>\n16.3 Salvador-Ingelse zal bij de uitvoering van de opdracht gepaste maatregelen treffen ter bewaring van de vertrouwelijkheid van de relatie met cli\u00ebnt.<br \/>\n16.4 Op grond van onder de Wet ter voorkoming van witwassen en financieren van terrorisme, is Salvador-Ingelse verplicht de identiteit van cli\u00ebnt vast te stellen en onder omstandigheden bepaalde ongebruikelijke transacties aan de autoriteiten te melden. Cli\u00ebnt bevestigt aan Salvador-Ingelse bekend te zijn met die verplichting en geeft &#8211; voor zover noodzakelijk &#8211; toestemming om die gegevens te verstrekken.<br \/>\n16.5 Salvador-Ingelse handelt overigens overeenkomstig het privacyreglement, kenbaar op <a href=\"http:\/\/www.salvador-ingelse.nl\/privacyreglement\/\" target=\"_blank\" rel=\"noopener noreferrer\">privacyreglement<\/a>. Het kan cli\u00ebnt op eerste verzoek worden gestuurd. In dit privacyreglement is onder meer geregeld dat cli\u00ebnt een recht op inzage en rectificatie van zijn\/haar persoonsgegevens heeft, een recht om bezwaar te maken tegen de gegevensverwerking heeft, een recht om na verloop van tijd en onder bepaalde voorwaarden om verwijdering van persoonsgevens te verzoeken en cli\u00ebnt een klacht kan indienen bij de Autoriteit Persoonsgevevens indien cli\u00ebnt meent dat Salvador-Ingelse de rechten van cli\u00ebnt onder de Algemene Verordening Persoonsgevevens niet naleeft.<\/p>\n<p><strong>17. Be\u00ebindiging<\/strong><br \/>\nZowel Salvador-Ingelse als cli\u00ebnt kunnen de overeenkomst schriftelijk be\u00ebindigen. Salvador-Ingelse heeft het recht om het dossier van cli\u00ebnt onder zich te houden totdat cli\u00ebnt zijn financi\u00eble verplichtingen jegens Salvador-Ingelse heeft voldaan.<\/p>\n<p><strong>18. Opvolger<\/strong><br \/>\nCli\u00ebnt kan bij Salvador-Ingelse documenten en eventuele processtukken opvragen. Op verzoek van cli\u00ebnt kan Salvador-Ingelse documenten en processtukken uit het dossier sturen aan derden, waaronder een eventuele opvolger. Salvador-Ingelse voert geen inhoudelijke besprekingen met cli\u00ebnt, nadat een opvolger zich heeft gemeld. Salvador-Ingelse kan met een opvolger overeenkomen dat cli\u00ebnt eerst openstaande facturen betaald voordat het documenten en processtukken uit het dossier worden overgedragen of dat de opvolger zich inzet voor betaling door cli\u00ebnt van de openstaande facturen.<\/p>\n<p><strong>19. Archief<\/strong><br \/>\nSalvador-Ingelse kan, behoudens wettelijke regelingen, het dossier na een periode van vijf jaren na het einde van de zaak zonder nadere aankondiging vernietigen. In deze periode van vijf jaar kan het dossier uit het archief worden gehaald, waarvoor een bedrag van \u20ac 50 in rekening wordt gebracht.<\/p>\n<p><strong>20. Wijziging algemene voorwaarden<\/strong><br \/>\nSalvador-Ingelse is bevoegd deze algemene voorwaarden te wijzigen. Een wijziging bindt cli\u00ebnt, maar niet eerder dan vanaf twee weken nadat cli\u00ebnt schriftelijk van de wijziging op de hoogte is gesteld.<\/p>\n<\/div><\/div><\/div><\/div><\/div><\/div><\/section>\n","protected":false},"excerpt":{"rendered":"NL | EN | FR | DE | ESP Algemene voorwaarden Salvador-Ingelse 1. Identiteit van de advocaat en cli\u00ebnt 1.1 De advocaat, mr. Chris Ingelse (hierna te noemen: \u201cSalvador-Ingelse\u201d) is aangesloten bij de Nederlandse Orde van Advocaten, gevestigd aan de Neuhuyskade 94 te (2596 XM) Den Haag en werkt voor u (hierna te noemen: \u201ccli\u00ebnt\u201d)...","protected":false},"author":1,"featured_media":0,"parent":0,"menu_order":0,"comment_status":"closed","ping_status":"closed","template":"","meta":{"footnotes":""},"class_list":["post-4282","page","type-page","status-publish","hentry"],"yoast_head":"<!-- This site is optimized with the Yoast SEO plugin v26.7 - https:\/\/yoast.com\/wordpress\/plugins\/seo\/ -->\n<title>Algemene voorwaarden - Salvador Ingelse Advocaten<\/title>\n<meta name=\"robots\" content=\"index, follow, max-snippet:-1, max-image-preview:large, max-video-preview:-1\" \/>\n<link rel=\"canonical\" href=\"https:\/\/www.salvador-ingelse.nl\/fr\/algemene-voorwaarden\/\" \/>\n<meta property=\"og:locale\" content=\"fr_FR\" \/>\n<meta property=\"og:type\" content=\"article\" \/>\n<meta property=\"og:title\" content=\"Algemene voorwaarden - Salvador Ingelse Advocaten\" \/>\n<meta property=\"og:url\" content=\"https:\/\/www.salvador-ingelse.nl\/fr\/algemene-voorwaarden\/\" \/>\n<meta property=\"og:site_name\" content=\"Salvador Ingelse Advocaten\" \/>\n<meta name=\"twitter:label1\" content=\"Dur\u00e9e de lecture estim\u00e9e\" \/>\n\t<meta name=\"twitter:data1\" content=\"11 minutes\" \/>\n<script type=\"application\/ld+json\" class=\"yoast-schema-graph\">{\"@context\":\"https:\/\/schema.org\",\"@graph\":[{\"@type\":\"WebPage\",\"@id\":\"https:\/\/www.salvador-ingelse.nl\/fr\/algemene-voorwaarden\/\",\"url\":\"https:\/\/www.salvador-ingelse.nl\/fr\/algemene-voorwaarden\/\",\"name\":\"Algemene voorwaarden - Salvador Ingelse Advocaten\",\"isPartOf\":{\"@id\":\"https:\/\/www.salvador-ingelse.nl\/fr\/#website\"},\"datePublished\":\"2018-07-18T08:21:59+00:00\",\"breadcrumb\":{\"@id\":\"https:\/\/www.salvador-ingelse.nl\/fr\/algemene-voorwaarden\/#breadcrumb\"},\"inLanguage\":\"fr-FR\",\"potentialAction\":[{\"@type\":\"ReadAction\",\"target\":[\"https:\/\/www.salvador-ingelse.nl\/fr\/algemene-voorwaarden\/\"]}]},{\"@type\":\"BreadcrumbList\",\"@id\":\"https:\/\/www.salvador-ingelse.nl\/fr\/algemene-voorwaarden\/#breadcrumb\",\"itemListElement\":[{\"@type\":\"ListItem\",\"position\":1,\"name\":\"Accueil\",\"item\":\"https:\/\/www.salvador-ingelse.nl\/fr\/\"},{\"@type\":\"ListItem\",\"position\":2,\"name\":\"Algemene voorwaarden\"}]},{\"@type\":\"WebSite\",\"@id\":\"https:\/\/www.salvador-ingelse.nl\/fr\/#website\",\"url\":\"https:\/\/www.salvador-ingelse.nl\/fr\/\",\"name\":\"Salvador Ingelse Advocaten\",\"description\":\"\",\"potentialAction\":[{\"@type\":\"SearchAction\",\"target\":{\"@type\":\"EntryPoint\",\"urlTemplate\":\"https:\/\/www.salvador-ingelse.nl\/fr\/?s={search_term_string}\"},\"query-input\":{\"@type\":\"PropertyValueSpecification\",\"valueRequired\":true,\"valueName\":\"search_term_string\"}}],\"inLanguage\":\"fr-FR\"}]}<\/script>\n<!-- \/ Yoast SEO plugin. -->","yoast_head_json":{"title":"Algemene voorwaarden - Salvador Ingelse Advocaten","robots":{"index":"index","follow":"follow","max-snippet":"max-snippet:-1","max-image-preview":"max-image-preview:large","max-video-preview":"max-video-preview:-1"},"canonical":"https:\/\/www.salvador-ingelse.nl\/fr\/algemene-voorwaarden\/","og_locale":"fr_FR","og_type":"article","og_title":"Algemene voorwaarden - Salvador Ingelse Advocaten","og_url":"https:\/\/www.salvador-ingelse.nl\/fr\/algemene-voorwaarden\/","og_site_name":"Salvador Ingelse Advocaten","twitter_misc":{"Dur\u00e9e de lecture estim\u00e9e":"11 minutes"},"schema":{"@context":"https:\/\/schema.org","@graph":[{"@type":"WebPage","@id":"https:\/\/www.salvador-ingelse.nl\/fr\/algemene-voorwaarden\/","url":"https:\/\/www.salvador-ingelse.nl\/fr\/algemene-voorwaarden\/","name":"Algemene voorwaarden - Salvador Ingelse Advocaten","isPartOf":{"@id":"https:\/\/www.salvador-ingelse.nl\/fr\/#website"},"datePublished":"2018-07-18T08:21:59+00:00","breadcrumb":{"@id":"https:\/\/www.salvador-ingelse.nl\/fr\/algemene-voorwaarden\/#breadcrumb"},"inLanguage":"fr-FR","potentialAction":[{"@type":"ReadAction","target":["https:\/\/www.salvador-ingelse.nl\/fr\/algemene-voorwaarden\/"]}]},{"@type":"BreadcrumbList","@id":"https:\/\/www.salvador-ingelse.nl\/fr\/algemene-voorwaarden\/#breadcrumb","itemListElement":[{"@type":"ListItem","position":1,"name":"Accueil","item":"https:\/\/www.salvador-ingelse.nl\/fr\/"},{"@type":"ListItem","position":2,"name":"Algemene voorwaarden"}]},{"@type":"WebSite","@id":"https:\/\/www.salvador-ingelse.nl\/fr\/#website","url":"https:\/\/www.salvador-ingelse.nl\/fr\/","name":"Salvador Ingelse Advocaten","description":"","potentialAction":[{"@type":"SearchAction","target":{"@type":"EntryPoint","urlTemplate":"https:\/\/www.salvador-ingelse.nl\/fr\/?s={search_term_string}"},"query-input":{"@type":"PropertyValueSpecification","valueRequired":true,"valueName":"search_term_string"}}],"inLanguage":"fr-FR"}]}},"_links":{"self":[{"href":"https:\/\/www.salvador-ingelse.nl\/fr\/wp-json\/wp\/v2\/pages\/4282","targetHints":{"allow":["GET"]}}],"collection":[{"href":"https:\/\/www.salvador-ingelse.nl\/fr\/wp-json\/wp\/v2\/pages"}],"about":[{"href":"https:\/\/www.salvador-ingelse.nl\/fr\/wp-json\/wp\/v2\/types\/page"}],"author":[{"embeddable":true,"href":"https:\/\/www.salvador-ingelse.nl\/fr\/wp-json\/wp\/v2\/users\/1"}],"replies":[{"embeddable":true,"href":"https:\/\/www.salvador-ingelse.nl\/fr\/wp-json\/wp\/v2\/comments?post=4282"}],"version-history":[{"count":2,"href":"https:\/\/www.salvador-ingelse.nl\/fr\/wp-json\/wp\/v2\/pages\/4282\/revisions"}],"predecessor-version":[{"id":4284,"href":"https:\/\/www.salvador-ingelse.nl\/fr\/wp-json\/wp\/v2\/pages\/4282\/revisions\/4284"}],"wp:attachment":[{"href":"https:\/\/www.salvador-ingelse.nl\/fr\/wp-json\/wp\/v2\/media?parent=4282"}],"curies":[{"name":"wp","href":"https:\/\/api.w.org\/{rel}","templated":true}]}}